{"id":2416,"date":"2019-10-27T11:29:35","date_gmt":"2019-10-27T09:29:35","guid":{"rendered":"https:\/\/tulekel.ee\/avaleht\/"},"modified":"2020-06-09T17:38:59","modified_gmt":"2020-06-09T14:38:59","slug":"avaleht","status":"publish","type":"page","link":"https:\/\/tulekel.ee\/fi\/","title":{"rendered":"Kotisivu"},"content":{"rendered":"","protected":false},"excerpt":{"rendered":"","protected":false},"author":1,"featured_media":0,"parent":0,"menu_order":0,"comment_status":"closed","ping_status":"closed","template":"","meta":[],"yoast_head":"<!-- This site is optimized with the Yoast SEO plugin v15.9.2 - https:\/\/yoast.com\/wordpress\/plugins\/seo\/ -->\n<title>Tulekel \u2013 S\u00e4hk\u00f6moottorit teollisuuteen ja kotitalouksiin<\/title>\n<meta name=\"description\" content=\"Tehokkaat yksivaiheiset ja kolmivaiheiset s\u00e4hk\u00f6moottorit, jotka t\u00e4ytt\u00e4v\u00e4t Euroopassa voimassa olevien s\u00e4\u00e4nt\u00f6jen ja asetusten asettamat vaatimukset\" \/>\n<link rel=\"canonical\" href=\"https:\/\/tulekel.ee\/fi\/\" \/>\n<meta property=\"og:locale\" content=\"fi_FI\" \/>\n<meta property=\"og:type\" content=\"article\" \/>\n<meta property=\"og:title\" content=\"Tulekel \u2013 S\u00e4hk\u00f6moottorit teollisuuteen ja kotitalouksiin\" \/>\n<meta property=\"og:description\" content=\"Tehokkaat yksivaiheiset ja kolmivaiheiset s\u00e4hk\u00f6moottorit, jotka t\u00e4ytt\u00e4v\u00e4t Euroopassa voimassa olevien s\u00e4\u00e4nt\u00f6jen ja asetusten asettamat vaatimukset\" \/>\n<meta property=\"og:url\" content=\"https:\/\/tulekel.ee\/fi\/\" \/>\n<meta property=\"og:site_name\" content=\"Tulekel\" \/>\n<meta property=\"article:modified_time\" content=\"2020-06-09T14:38:59+00:00\" \/>\n<meta name=\"twitter:card\" content=\"summary_large_image\" \/>\n<script type=\"application\/ld+json\" class=\"yoast-schema-graph\">{\"@context\":\"https:\/\/schema.org\",\"@graph\":[{\"@type\":\"Organization\",\"@id\":\"https:\/\/tulekel.ee\/en\/#organization\",\"name\":\"Tulekel O\\u00dc\",\"url\":\"https:\/\/tulekel.ee\/en\/\",\"sameAs\":[],\"logo\":{\"@type\":\"ImageObject\",\"@id\":\"https:\/\/tulekel.ee\/en\/#logo\",\"inLanguage\":\"fi\",\"url\":\"https:\/\/tulekel.ee\/wp-content\/uploads\/2020\/05\/logo.png\",\"width\":400,\"height\":400,\"caption\":\"Tulekel O\\u00dc\"},\"image\":{\"@id\":\"https:\/\/tulekel.ee\/en\/#logo\"}},{\"@type\":\"WebSite\",\"@id\":\"https:\/\/tulekel.ee\/en\/#website\",\"url\":\"https:\/\/tulekel.ee\/en\/\",\"name\":\"Tulekel\",\"description\":\"Kvaliteetsete elektrimootorite m\\u00fc\\u00fck, uued elektrimootorid parima hinnaga\",\"publisher\":{\"@id\":\"https:\/\/tulekel.ee\/en\/#organization\"},\"potentialAction\":[{\"@type\":\"SearchAction\",\"target\":\"https:\/\/tulekel.ee\/en\/?s={search_term_string}\",\"query-input\":\"required name=search_term_string\"}],\"inLanguage\":\"fi\"},{\"@type\":\"WebPage\",\"@id\":\"https:\/\/tulekel.ee\/fi\/#webpage\",\"url\":\"https:\/\/tulekel.ee\/fi\/\",\"name\":\"Tulekel \\u2013 S\\u00e4hk\\u00f6moottorit teollisuuteen ja kotitalouksiin\",\"isPartOf\":{\"@id\":\"https:\/\/tulekel.ee\/en\/#website\"},\"datePublished\":\"2019-10-27T09:29:35+00:00\",\"dateModified\":\"2020-06-09T14:38:59+00:00\",\"description\":\"Tehokkaat yksivaiheiset ja kolmivaiheiset s\\u00e4hk\\u00f6moottorit, jotka t\\u00e4ytt\\u00e4v\\u00e4t Euroopassa voimassa olevien s\\u00e4\\u00e4nt\\u00f6jen ja asetusten asettamat vaatimukset\",\"breadcrumb\":{\"@id\":\"https:\/\/tulekel.ee\/fi\/#breadcrumb\"},\"inLanguage\":\"fi\",\"potentialAction\":[{\"@type\":\"ReadAction\",\"target\":[\"https:\/\/tulekel.ee\/fi\/\"]}]},{\"@type\":\"BreadcrumbList\",\"@id\":\"https:\/\/tulekel.ee\/fi\/#breadcrumb\",\"itemListElement\":[{\"@type\":\"ListItem\",\"position\":1,\"item\":{\"@type\":\"WebPage\",\"@id\":\"https:\/\/tulekel.ee\/fi\/\",\"url\":\"https:\/\/tulekel.ee\/fi\/\",\"name\":\"Home\"}},{\"@type\":\"ListItem\",\"position\":2,\"item\":{\"@type\":\"WebPage\",\"@id\":\"https:\/\/tulekel.ee\/fi\/\",\"url\":\"https:\/\/tulekel.ee\/fi\/\",\"name\":\"Kotisivu\"}}]}]}<\/script>\n<!-- \/ Yoast SEO plugin. -->","_links":{"self":[{"href":"https:\/\/tulekel.ee\/fi\/wp-json\/wp\/v2\/pages\/2416"}],"collection":[{"href":"https:\/\/tulekel.ee\/fi\/wp-json\/wp\/v2\/pages"}],"about":[{"href":"https:\/\/tulekel.ee\/fi\/wp-json\/wp\/v2\/types\/page"}],"author":[{"embeddable":true,"href":"https:\/\/tulekel.ee\/fi\/wp-json\/wp\/v2\/users\/1"}],"replies":[{"embeddable":true,"href":"https:\/\/tulekel.ee\/fi\/wp-json\/wp\/v2\/comments?post=2416"}],"version-history":[{"count":3,"href":"https:\/\/tulekel.ee\/fi\/wp-json\/wp\/v2\/pages\/2416\/revisions"}],"predecessor-version":[{"id":2814,"href":"https:\/\/tulekel.ee\/fi\/wp-json\/wp\/v2\/pages\/2416\/revisions\/2814"}],"wp:attachment":[{"href":"https:\/\/tulekel.ee\/fi\/wp-json\/wp\/v2\/media?parent=2416"}],"curies":[{"name":"wp","href":"https:\/\/api.w.org\/{rel}","templated":true}]}}