{"id":2502,"date":"2019-10-26T16:28:52","date_gmt":"2019-10-26T13:28:52","guid":{"rendered":"https:\/\/tulekel.ee\/kontakt\/"},"modified":"2020-06-09T17:41:49","modified_gmt":"2020-06-09T14:41:49","slug":"yhteystiedot","status":"publish","type":"page","link":"https:\/\/tulekel.ee\/fi\/yhteystiedot\/","title":{"rendered":"Yhteystiedot"},"content":{"rendered":"","protected":false},"excerpt":{"rendered":"","protected":false},"author":1,"featured_media":2504,"parent":0,"menu_order":0,"comment_status":"closed","ping_status":"closed","template":"page-contact.php","meta":[],"yoast_head":"<!-- This site is optimized with the Yoast SEO plugin v15.9.2 - https:\/\/yoast.com\/wordpress\/plugins\/seo\/ -->\n<title>Kontakt - S\u00e4hk\u00f6moottori on vain muutaman klikkauksen p\u00e4\u00e4ss\u00e4 | Tulekel<\/title>\n<meta name=\"description\" content=\"Meid\u00e4n tavoitteena on, ett\u00e4 jokainen asiakas l\u00f6yt\u00e4isi meid\u00e4n verkkokaupasta vaatimustensa mukaisen s\u00e4hk\u00f6moottorin\" \/>\n<link rel=\"canonical\" href=\"https:\/\/tulekel.ee\/fi\/yhteystiedot\/\" \/>\n<meta property=\"og:locale\" content=\"fi_FI\" \/>\n<meta property=\"og:type\" content=\"article\" \/>\n<meta property=\"og:title\" content=\"Kontakt - S\u00e4hk\u00f6moottori on vain muutaman klikkauksen p\u00e4\u00e4ss\u00e4 | Tulekel\" \/>\n<meta property=\"og:description\" content=\"Meid\u00e4n tavoitteena on, ett\u00e4 jokainen asiakas l\u00f6yt\u00e4isi meid\u00e4n verkkokaupasta vaatimustensa mukaisen s\u00e4hk\u00f6moottorin\" \/>\n<meta property=\"og:url\" content=\"https:\/\/tulekel.ee\/fi\/yhteystiedot\/\" \/>\n<meta property=\"og:site_name\" content=\"Tulekel\" \/>\n<meta property=\"article:modified_time\" content=\"2020-06-09T14:41:49+00:00\" \/>\n<meta property=\"og:image\" content=\"https:\/\/tulekel.ee\/wp-content\/uploads\/2020\/05\/greeting_2.jpg\" \/>\n\t<meta property=\"og:image:width\" content=\"1920\" \/>\n\t<meta property=\"og:image:height\" content=\"600\" \/>\n<meta name=\"twitter:card\" content=\"summary_large_image\" \/>\n<script type=\"application\/ld+json\" class=\"yoast-schema-graph\">{\"@context\":\"https:\/\/schema.org\",\"@graph\":[{\"@type\":\"Organization\",\"@id\":\"https:\/\/tulekel.ee\/en\/#organization\",\"name\":\"Tulekel O\\u00dc\",\"url\":\"https:\/\/tulekel.ee\/en\/\",\"sameAs\":[],\"logo\":{\"@type\":\"ImageObject\",\"@id\":\"https:\/\/tulekel.ee\/en\/#logo\",\"inLanguage\":\"fi\",\"url\":\"https:\/\/tulekel.ee\/wp-content\/uploads\/2020\/05\/logo.png\",\"width\":400,\"height\":400,\"caption\":\"Tulekel O\\u00dc\"},\"image\":{\"@id\":\"https:\/\/tulekel.ee\/en\/#logo\"}},{\"@type\":\"WebSite\",\"@id\":\"https:\/\/tulekel.ee\/en\/#website\",\"url\":\"https:\/\/tulekel.ee\/en\/\",\"name\":\"Tulekel\",\"description\":\"Kvaliteetsete elektrimootorite m\\u00fc\\u00fck, uued elektrimootorid parima hinnaga\",\"publisher\":{\"@id\":\"https:\/\/tulekel.ee\/en\/#organization\"},\"potentialAction\":[{\"@type\":\"SearchAction\",\"target\":\"https:\/\/tulekel.ee\/en\/?s={search_term_string}\",\"query-input\":\"required name=search_term_string\"}],\"inLanguage\":\"fi\"},{\"@type\":\"ImageObject\",\"@id\":\"https:\/\/tulekel.ee\/fi\/yhteystiedot\/#primaryimage\",\"inLanguage\":\"fi\",\"url\":\"https:\/\/tulekel.ee\/wp-content\/uploads\/2020\/05\/greeting_2.jpg\",\"width\":1920,\"height\":600},{\"@type\":\"WebPage\",\"@id\":\"https:\/\/tulekel.ee\/fi\/yhteystiedot\/#webpage\",\"url\":\"https:\/\/tulekel.ee\/fi\/yhteystiedot\/\",\"name\":\"Kontakt - S\\u00e4hk\\u00f6moottori on vain muutaman klikkauksen p\\u00e4\\u00e4ss\\u00e4 | Tulekel\",\"isPartOf\":{\"@id\":\"https:\/\/tulekel.ee\/en\/#website\"},\"primaryImageOfPage\":{\"@id\":\"https:\/\/tulekel.ee\/fi\/yhteystiedot\/#primaryimage\"},\"datePublished\":\"2019-10-26T13:28:52+00:00\",\"dateModified\":\"2020-06-09T14:41:49+00:00\",\"description\":\"Meid\\u00e4n tavoitteena on, ett\\u00e4 jokainen asiakas l\\u00f6yt\\u00e4isi meid\\u00e4n verkkokaupasta vaatimustensa mukaisen s\\u00e4hk\\u00f6moottorin\",\"breadcrumb\":{\"@id\":\"https:\/\/tulekel.ee\/fi\/yhteystiedot\/#breadcrumb\"},\"inLanguage\":\"fi\",\"potentialAction\":[{\"@type\":\"ReadAction\",\"target\":[\"https:\/\/tulekel.ee\/fi\/yhteystiedot\/\"]}]},{\"@type\":\"BreadcrumbList\",\"@id\":\"https:\/\/tulekel.ee\/fi\/yhteystiedot\/#breadcrumb\",\"itemListElement\":[{\"@type\":\"ListItem\",\"position\":1,\"item\":{\"@type\":\"WebPage\",\"@id\":\"https:\/\/tulekel.ee\/fi\/\",\"url\":\"https:\/\/tulekel.ee\/fi\/\",\"name\":\"Home\"}},{\"@type\":\"ListItem\",\"position\":2,\"item\":{\"@type\":\"WebPage\",\"@id\":\"https:\/\/tulekel.ee\/fi\/yhteystiedot\/\",\"url\":\"https:\/\/tulekel.ee\/fi\/yhteystiedot\/\",\"name\":\"Yhteystiedot\"}}]}]}<\/script>\n<!-- \/ Yoast SEO plugin. -->","_links":{"self":[{"href":"https:\/\/tulekel.ee\/fi\/wp-json\/wp\/v2\/pages\/2502"}],"collection":[{"href":"https:\/\/tulekel.ee\/fi\/wp-json\/wp\/v2\/pages"}],"about":[{"href":"https:\/\/tulekel.ee\/fi\/wp-json\/wp\/v2\/types\/page"}],"author":[{"embeddable":true,"href":"https:\/\/tulekel.ee\/fi\/wp-json\/wp\/v2\/users\/1"}],"replies":[{"embeddable":true,"href":"https:\/\/tulekel.ee\/fi\/wp-json\/wp\/v2\/comments?post=2502"}],"version-history":[{"count":3,"href":"https:\/\/tulekel.ee\/fi\/wp-json\/wp\/v2\/pages\/2502\/revisions"}],"predecessor-version":[{"id":2810,"href":"https:\/\/tulekel.ee\/fi\/wp-json\/wp\/v2\/pages\/2502\/revisions\/2810"}],"wp:featuredmedia":[{"embeddable":true,"href":"https:\/\/tulekel.ee\/fi\/wp-json\/wp\/v2\/media\/2504"}],"wp:attachment":[{"href":"https:\/\/tulekel.ee\/fi\/wp-json\/wp\/v2\/media?parent=2502"}],"curies":[{"name":"wp","href":"https:\/\/api.w.org\/{rel}","templated":true}]}}