{"id":2509,"date":"2020-04-18T14:10:03","date_gmt":"2020-04-18T11:10:03","guid":{"rendered":"https:\/\/tulekel.ee\/tootegaleriid\/elektrimootorid\/"},"modified":"2020-06-09T13:00:05","modified_gmt":"2020-06-09T10:00:05","slug":"sahkomoottorit","status":"publish","type":"page","link":"https:\/\/tulekel.ee\/fi\/tuotegalleriat\/sahkomoottorit\/","title":{"rendered":"S\u00e4hk\u00f6moottorit"},"content":{"rendered":"","protected":false},"excerpt":{"rendered":"","protected":false},"author":1,"featured_media":2510,"parent":2507,"menu_order":0,"comment_status":"closed","ping_status":"closed","template":"page-galleries.php","meta":[],"yoast_head":"<!-- This site is optimized with the Yoast SEO plugin v15.9.2 - https:\/\/yoast.com\/wordpress\/plugins\/seo\/ -->\n<title>S\u00e4hk\u00f6moottorit - Sopiva s\u00e4hk\u00f6moottori meid\u00e4n verkkokaupasta | Tulekel<\/title>\n<meta name=\"description\" content=\"Laadukkaiden ja tehokkaan suorituskykyluokan s\u00e4hk\u00f6moottoreiden myynti IE2, IE3, IE4. S\u00e4hk\u00f6moottorit t\u00e4ytt\u00e4v\u00e4t kaikkien EU:ssa voimassa olevien standardien DNV\/ISO asettamat vaatimukset\" \/>\n<link rel=\"canonical\" href=\"https:\/\/tulekel.ee\/fi\/tuotegalleriat\/sahkomoottorit\/\" \/>\n<meta property=\"og:locale\" content=\"fi_FI\" \/>\n<meta property=\"og:type\" content=\"article\" \/>\n<meta property=\"og:title\" content=\"S\u00e4hk\u00f6moottorit - Sopiva s\u00e4hk\u00f6moottori meid\u00e4n verkkokaupasta | Tulekel\" \/>\n<meta property=\"og:description\" content=\"Laadukkaiden ja tehokkaan suorituskykyluokan s\u00e4hk\u00f6moottoreiden myynti IE2, IE3, IE4. S\u00e4hk\u00f6moottorit t\u00e4ytt\u00e4v\u00e4t kaikkien EU:ssa voimassa olevien standardien DNV\/ISO asettamat vaatimukset\" \/>\n<meta property=\"og:url\" content=\"https:\/\/tulekel.ee\/fi\/tuotegalleriat\/sahkomoottorit\/\" \/>\n<meta property=\"og:site_name\" content=\"Tulekel\" \/>\n<meta property=\"article:modified_time\" content=\"2020-06-09T10:00:05+00:00\" \/>\n<meta property=\"og:image\" content=\"https:\/\/tulekel.ee\/wp-content\/uploads\/2020\/05\/motors_grouped.jpg\" \/>\n\t<meta property=\"og:image:width\" content=\"1920\" \/>\n\t<meta property=\"og:image:height\" content=\"600\" \/>\n<meta name=\"twitter:card\" content=\"summary_large_image\" \/>\n<script type=\"application\/ld+json\" class=\"yoast-schema-graph\">{\"@context\":\"https:\/\/schema.org\",\"@graph\":[{\"@type\":\"Organization\",\"@id\":\"https:\/\/tulekel.ee\/en\/#organization\",\"name\":\"Tulekel O\\u00dc\",\"url\":\"https:\/\/tulekel.ee\/en\/\",\"sameAs\":[],\"logo\":{\"@type\":\"ImageObject\",\"@id\":\"https:\/\/tulekel.ee\/en\/#logo\",\"inLanguage\":\"fi\",\"url\":\"https:\/\/tulekel.ee\/wp-content\/uploads\/2020\/05\/logo.png\",\"width\":400,\"height\":400,\"caption\":\"Tulekel O\\u00dc\"},\"image\":{\"@id\":\"https:\/\/tulekel.ee\/en\/#logo\"}},{\"@type\":\"WebSite\",\"@id\":\"https:\/\/tulekel.ee\/en\/#website\",\"url\":\"https:\/\/tulekel.ee\/en\/\",\"name\":\"Tulekel\",\"description\":\"Kvaliteetsete elektrimootorite m\\u00fc\\u00fck, uued elektrimootorid parima hinnaga\",\"publisher\":{\"@id\":\"https:\/\/tulekel.ee\/en\/#organization\"},\"potentialAction\":[{\"@type\":\"SearchAction\",\"target\":\"https:\/\/tulekel.ee\/en\/?s={search_term_string}\",\"query-input\":\"required name=search_term_string\"}],\"inLanguage\":\"fi\"},{\"@type\":\"ImageObject\",\"@id\":\"https:\/\/tulekel.ee\/fi\/tuotegalleriat\/sahkomoottorit\/#primaryimage\",\"inLanguage\":\"fi\",\"url\":\"https:\/\/tulekel.ee\/wp-content\/uploads\/2020\/05\/motors_grouped.jpg\",\"width\":1920,\"height\":600},{\"@type\":\"WebPage\",\"@id\":\"https:\/\/tulekel.ee\/fi\/tuotegalleriat\/sahkomoottorit\/#webpage\",\"url\":\"https:\/\/tulekel.ee\/fi\/tuotegalleriat\/sahkomoottorit\/\",\"name\":\"S\\u00e4hk\\u00f6moottorit - Sopiva s\\u00e4hk\\u00f6moottori meid\\u00e4n verkkokaupasta | Tulekel\",\"isPartOf\":{\"@id\":\"https:\/\/tulekel.ee\/en\/#website\"},\"primaryImageOfPage\":{\"@id\":\"https:\/\/tulekel.ee\/fi\/tuotegalleriat\/sahkomoottorit\/#primaryimage\"},\"datePublished\":\"2020-04-18T11:10:03+00:00\",\"dateModified\":\"2020-06-09T10:00:05+00:00\",\"description\":\"Laadukkaiden ja tehokkaan suorituskykyluokan s\\u00e4hk\\u00f6moottoreiden myynti IE2, IE3, IE4. S\\u00e4hk\\u00f6moottorit t\\u00e4ytt\\u00e4v\\u00e4t kaikkien EU:ssa voimassa olevien standardien DNV\/ISO asettamat vaatimukset\",\"breadcrumb\":{\"@id\":\"https:\/\/tulekel.ee\/fi\/tuotegalleriat\/sahkomoottorit\/#breadcrumb\"},\"inLanguage\":\"fi\",\"potentialAction\":[{\"@type\":\"ReadAction\",\"target\":[\"https:\/\/tulekel.ee\/fi\/tuotegalleriat\/sahkomoottorit\/\"]}]},{\"@type\":\"BreadcrumbList\",\"@id\":\"https:\/\/tulekel.ee\/fi\/tuotegalleriat\/sahkomoottorit\/#breadcrumb\",\"itemListElement\":[{\"@type\":\"ListItem\",\"position\":1,\"item\":{\"@type\":\"WebPage\",\"@id\":\"https:\/\/tulekel.ee\/fi\/\",\"url\":\"https:\/\/tulekel.ee\/fi\/\",\"name\":\"Home\"}},{\"@type\":\"ListItem\",\"position\":2,\"item\":{\"@type\":\"WebPage\",\"@id\":\"https:\/\/tulekel.ee\/fi\/tuotegalleriat\/\",\"url\":\"https:\/\/tulekel.ee\/fi\/tuotegalleriat\/\",\"name\":\"Tuotegalleriat\"}},{\"@type\":\"ListItem\",\"position\":3,\"item\":{\"@type\":\"WebPage\",\"@id\":\"https:\/\/tulekel.ee\/fi\/tuotegalleriat\/sahkomoottorit\/\",\"url\":\"https:\/\/tulekel.ee\/fi\/tuotegalleriat\/sahkomoottorit\/\",\"name\":\"S\\u00e4hk\\u00f6moottorit\"}}]}]}<\/script>\n<!-- \/ Yoast SEO plugin. -->","_links":{"self":[{"href":"https:\/\/tulekel.ee\/fi\/wp-json\/wp\/v2\/pages\/2509"}],"collection":[{"href":"https:\/\/tulekel.ee\/fi\/wp-json\/wp\/v2\/pages"}],"about":[{"href":"https:\/\/tulekel.ee\/fi\/wp-json\/wp\/v2\/types\/page"}],"author":[{"embeddable":true,"href":"https:\/\/tulekel.ee\/fi\/wp-json\/wp\/v2\/users\/1"}],"replies":[{"embeddable":true,"href":"https:\/\/tulekel.ee\/fi\/wp-json\/wp\/v2\/comments?post=2509"}],"version-history":[{"count":5,"href":"https:\/\/tulekel.ee\/fi\/wp-json\/wp\/v2\/pages\/2509\/revisions"}],"predecessor-version":[{"id":2577,"href":"https:\/\/tulekel.ee\/fi\/wp-json\/wp\/v2\/pages\/2509\/revisions\/2577"}],"up":[{"embeddable":true,"href":"https:\/\/tulekel.ee\/fi\/wp-json\/wp\/v2\/pages\/2507"}],"wp:featuredmedia":[{"embeddable":true,"href":"https:\/\/tulekel.ee\/fi\/wp-json\/wp\/v2\/media\/2510"}],"wp:attachment":[{"href":"https:\/\/tulekel.ee\/fi\/wp-json\/wp\/v2\/media?parent=2509"}],"curies":[{"name":"wp","href":"https:\/\/api.w.org\/{rel}","templated":true}]}}