{"id":2535,"date":"2019-12-16T17:44:25","date_gmt":"2019-12-16T15:44:25","guid":{"rendered":"https:\/\/tulekel.ee\/tehnilised-andmed\/"},"modified":"2020-06-09T12:31:25","modified_gmt":"2020-06-09T09:31:25","slug":"tekniset-tiedot","status":"publish","type":"page","link":"https:\/\/tulekel.ee\/fi\/tekniset-tiedot\/","title":{"rendered":"Tekniset tiedot"},"content":{"rendered":"<h3>J\u00e4nnite<\/h3>\n<p>J\u00e4nnite ja taajuus t\u00e4ytt\u00e4v\u00e4t DIN\/EN 60034-1 asettamat vaatimukset. Ensimm\u00e4isess\u00e4 v\u00e4liss\u00e4 on j\u00e4nnitteen vaihteluv\u00e4li +\/- 5% ja taajuus +\/- 2%; toisessa v\u00e4liss\u00e4 on j\u00e4nnite +\/- 10% ja taajuus +3\/-5 %. S\u00e4hk\u00f6moottorit on merkitty IE2 mukaisesti:<\/p>\n<ul>\n<li>230V \/ 400V 50Hz tai vastaavasti 265V \/ 460V 60Hz<\/li>\n<li>400V \/ 690V 50Hz tai vastaavasti 460V \/ 795V 60Hz<\/li>\n<\/ul>\n<h3>K\u00e4\u00e4min eriste<\/h3>\n<p>Vakiomallisissa s\u00e4hk\u00f6moottoreissa on F-luokan eriste, kasvu vastaa B-luokan vaatimuksia. K\u00e4\u00e4mit on valmistettu Tropic-standardia varten.<\/p>\n<h3>Nimellisteho<\/h3>\n<p>Nimellistehon jatkuvaan toimiseen DIN\/EN 60034 -1 mukaisesti edellytett\u00e4v\u00e4 taajuus on 50 Hz, l\u00e4mp\u00f6tila -20 &#8211; +40 \u00b0C, k\u00e4ytt\u00f6kohde yli 1000 m merenpinnan.<\/p>\n<h3>Suojaluokka<\/h3>\n<p>Kaikki s\u00e4hk\u00f6moottorit t\u00e4ytt\u00e4v\u00e4t standardin mukaisen IP 55\/g DIN\/EN 60529 vaatimuksia.<\/p>\n<h3>Runko<\/h3>\n<p>Alumiinis\u00e4hk\u00f6moottorin runko on valmistettu painevalualumiinista, rautas\u00e4hk\u00f6moottorin runko valuraudasta. S\u00e4hk\u00f6moottorissa olevan jakorasian (sijaitsee alumiinikotelossa) asentoa voidaan muuttaa rungon jalkojen avulla, taivutettavat tukijalat (pulteilla varustetun jalkakehyksen koot 56-132). Paitsi jos tuotespesifikaatiossa on toisin s\u00e4\u00e4detty.<\/p>\n<h3>Tasapainotus<\/h3>\n<p>Roottori on dynaamisesti tasapainossa, t\u00e4rin\u00e4taso t\u00e4ytt\u00e4\u00e4 EN 60034-14 asettamat vaatimukset. ISO 8821 mukaisesti tasapainotus \u201cpuolikiilamenetelm\u00e4ll\u00e4\u201d.<\/p>\n<h3>Laakerit<\/h3>\n<p>S\u00e4hk\u00f6moottoreiden laakerit ovat laadukkaita (valmistajat FAG, SKF, NSK, NTN, INA). Moottoreille on annettu 40 000 ty\u00f6tunnin takuu kytkimen kautta ilman akselin rasitusta, vaakatasoon asennettuna ja 20 000 ty\u00f6tunnin takuu akselin sallitun maksimirasituksen osalta.<\/p>\n<h3>J\u00e4\u00e4hdytys<\/h3>\n<p>S\u00e4hk\u00f6moottorit on varustettu j\u00e4\u00e4hdytystuulettimilla, jotka toimivat py\u00f6rimissuunnasta riippumatta (IC 411 standardin EN 60034-6 mukaisesti). J\u00e4\u00e4hdytystuulettimen suoja on valmistettu ter\u00e4spellist\u00e4.<\/p>\n<h3>V\u00e4ri<\/h3>\n<p>S\u00e4hk\u00f6moottoreiden v\u00e4ri on RAL 7030 (harmaa) tai sininen. Maalikerros kest\u00e4\u00e4 k\u00e4yt\u00f6n viile\u00e4ss\u00e4 ilmastossa (IEC 721-2-1) sis\u00e4- ja ulkoisissa olosuhteissa.<\/p>\n<h3>S\u00e4hk\u00f6moottorin tukijalat<\/h3>\n<p>Alumiinis\u00e4hk\u00f6moottoreissa on irrotettavat tukijalat, jotka kiinnitet\u00e4\u00e4n kahdella ruuvilla. Tukijalkoja voidaan k\u00e4\u00e4nt\u00e4\u00e4 ja samalla muuttaa jakorasian asentoa (siirrett\u00e4viss\u00e4 oikealle tai vasemmalle), paitsi jos tuotteen spesifikaatiossa ei ole toisin s\u00e4\u00e4detty.<\/p>\n","protected":false},"excerpt":{"rendered":"<p>J\u00e4nnite J\u00e4nnite ja taajuus t\u00e4ytt\u00e4v\u00e4t DIN\/EN 60034-1 asettamat vaatimukset. Ensimm\u00e4isess\u00e4 v\u00e4liss\u00e4 on j\u00e4nnitteen vaihteluv\u00e4li +\/- 5% ja taajuus +\/- 2%; toisessa v\u00e4liss\u00e4 on j\u00e4nnite +\/- 10% ja taajuus +3\/-5 %. S\u00e4hk\u00f6moottorit on merkitty IE2 mukaisesti: 230V \/ 400V 50Hz tai vastaavasti 265V \/ 460V 60Hz 400V \/ 690V 50Hz tai vastaavasti 460V \/ 795V 60Hz&#8230;  <a class=\"excerpt-read-more\" href=\"https:\/\/tulekel.ee\/fi\/tekniset-tiedot\/\" title=\"Lue lis\u00e4\u00e4Tekniset tiedot\">Lue lis\u00e4\u00e4<\/a><\/p>\n","protected":false},"author":1,"featured_media":2537,"parent":0,"menu_order":0,"comment_status":"closed","ping_status":"closed","template":"","meta":[],"yoast_head":"<!-- This site is optimized with the Yoast SEO plugin v15.9.2 - https:\/\/yoast.com\/wordpress\/plugins\/seo\/ -->\n<title>Tekniset tiedot - Sopiva s\u00e4hk\u00f6moottori meid\u00e4n verkkokaupasta | Tulekel<\/title>\n<meta name=\"description\" content=\"Laadukkaiden ja tehokkaan suorituskykyluokan s\u00e4hk\u00f6moottoreiden myynti IE2, IE3, IE4. S\u00e4hk\u00f6moottorit t\u00e4ytt\u00e4v\u00e4t kaikkien EU:ssa voimassa olevien standardien DNV\/ISO asettamat vaatimukset\" \/>\n<link rel=\"canonical\" href=\"https:\/\/tulekel.ee\/fi\/tekniset-tiedot\/\" \/>\n<meta property=\"og:locale\" content=\"fi_FI\" \/>\n<meta property=\"og:type\" content=\"article\" \/>\n<meta property=\"og:title\" content=\"Tekniset tiedot - Sopiva s\u00e4hk\u00f6moottori meid\u00e4n verkkokaupasta | Tulekel\" \/>\n<meta property=\"og:description\" content=\"Laadukkaiden ja tehokkaan suorituskykyluokan s\u00e4hk\u00f6moottoreiden myynti IE2, IE3, IE4. S\u00e4hk\u00f6moottorit t\u00e4ytt\u00e4v\u00e4t kaikkien EU:ssa voimassa olevien standardien DNV\/ISO asettamat vaatimukset\" \/>\n<meta property=\"og:url\" content=\"https:\/\/tulekel.ee\/fi\/tekniset-tiedot\/\" \/>\n<meta property=\"og:site_name\" content=\"Tulekel\" \/>\n<meta property=\"article:modified_time\" content=\"2020-06-09T09:31:25+00:00\" \/>\n<meta property=\"og:image\" content=\"https:\/\/tulekel.ee\/wp-content\/uploads\/2020\/05\/motor_single_blue_2.jpg\" \/>\n\t<meta property=\"og:image:width\" content=\"1920\" \/>\n\t<meta property=\"og:image:height\" content=\"600\" \/>\n<meta name=\"twitter:card\" content=\"summary_large_image\" \/>\n<meta name=\"twitter:label1\" content=\"Est. reading time\">\n\t<meta name=\"twitter:data1\" content=\"2 minuuttia\">\n<script type=\"application\/ld+json\" class=\"yoast-schema-graph\">{\"@context\":\"https:\/\/schema.org\",\"@graph\":[{\"@type\":\"Organization\",\"@id\":\"https:\/\/tulekel.ee\/en\/#organization\",\"name\":\"Tulekel O\\u00dc\",\"url\":\"https:\/\/tulekel.ee\/en\/\",\"sameAs\":[],\"logo\":{\"@type\":\"ImageObject\",\"@id\":\"https:\/\/tulekel.ee\/en\/#logo\",\"inLanguage\":\"fi\",\"url\":\"https:\/\/tulekel.ee\/wp-content\/uploads\/2020\/05\/logo.png\",\"width\":400,\"height\":400,\"caption\":\"Tulekel O\\u00dc\"},\"image\":{\"@id\":\"https:\/\/tulekel.ee\/en\/#logo\"}},{\"@type\":\"WebSite\",\"@id\":\"https:\/\/tulekel.ee\/en\/#website\",\"url\":\"https:\/\/tulekel.ee\/en\/\",\"name\":\"Tulekel\",\"description\":\"Kvaliteetsete elektrimootorite m\\u00fc\\u00fck, uued elektrimootorid parima hinnaga\",\"publisher\":{\"@id\":\"https:\/\/tulekel.ee\/en\/#organization\"},\"potentialAction\":[{\"@type\":\"SearchAction\",\"target\":\"https:\/\/tulekel.ee\/en\/?s={search_term_string}\",\"query-input\":\"required name=search_term_string\"}],\"inLanguage\":\"fi\"},{\"@type\":\"ImageObject\",\"@id\":\"https:\/\/tulekel.ee\/fi\/tekniset-tiedot\/#primaryimage\",\"inLanguage\":\"fi\",\"url\":\"https:\/\/tulekel.ee\/wp-content\/uploads\/2020\/05\/motor_single_blue_2.jpg\",\"width\":1920,\"height\":600},{\"@type\":\"WebPage\",\"@id\":\"https:\/\/tulekel.ee\/fi\/tekniset-tiedot\/#webpage\",\"url\":\"https:\/\/tulekel.ee\/fi\/tekniset-tiedot\/\",\"name\":\"Tekniset tiedot - Sopiva s\\u00e4hk\\u00f6moottori meid\\u00e4n verkkokaupasta | Tulekel\",\"isPartOf\":{\"@id\":\"https:\/\/tulekel.ee\/en\/#website\"},\"primaryImageOfPage\":{\"@id\":\"https:\/\/tulekel.ee\/fi\/tekniset-tiedot\/#primaryimage\"},\"datePublished\":\"2019-12-16T15:44:25+00:00\",\"dateModified\":\"2020-06-09T09:31:25+00:00\",\"description\":\"Laadukkaiden ja tehokkaan suorituskykyluokan s\\u00e4hk\\u00f6moottoreiden myynti IE2, IE3, IE4. S\\u00e4hk\\u00f6moottorit t\\u00e4ytt\\u00e4v\\u00e4t kaikkien EU:ssa voimassa olevien standardien DNV\/ISO asettamat vaatimukset\",\"breadcrumb\":{\"@id\":\"https:\/\/tulekel.ee\/fi\/tekniset-tiedot\/#breadcrumb\"},\"inLanguage\":\"fi\",\"potentialAction\":[{\"@type\":\"ReadAction\",\"target\":[\"https:\/\/tulekel.ee\/fi\/tekniset-tiedot\/\"]}]},{\"@type\":\"BreadcrumbList\",\"@id\":\"https:\/\/tulekel.ee\/fi\/tekniset-tiedot\/#breadcrumb\",\"itemListElement\":[{\"@type\":\"ListItem\",\"position\":1,\"item\":{\"@type\":\"WebPage\",\"@id\":\"https:\/\/tulekel.ee\/fi\/\",\"url\":\"https:\/\/tulekel.ee\/fi\/\",\"name\":\"Home\"}},{\"@type\":\"ListItem\",\"position\":2,\"item\":{\"@type\":\"WebPage\",\"@id\":\"https:\/\/tulekel.ee\/fi\/tekniset-tiedot\/\",\"url\":\"https:\/\/tulekel.ee\/fi\/tekniset-tiedot\/\",\"name\":\"Tekniset tiedot\"}}]}]}<\/script>\n<!-- \/ Yoast SEO plugin. -->","_links":{"self":[{"href":"https:\/\/tulekel.ee\/fi\/wp-json\/wp\/v2\/pages\/2535"}],"collection":[{"href":"https:\/\/tulekel.ee\/fi\/wp-json\/wp\/v2\/pages"}],"about":[{"href":"https:\/\/tulekel.ee\/fi\/wp-json\/wp\/v2\/types\/page"}],"author":[{"embeddable":true,"href":"https:\/\/tulekel.ee\/fi\/wp-json\/wp\/v2\/users\/1"}],"replies":[{"embeddable":true,"href":"https:\/\/tulekel.ee\/fi\/wp-json\/wp\/v2\/comments?post=2535"}],"version-history":[{"count":2,"href":"https:\/\/tulekel.ee\/fi\/wp-json\/wp\/v2\/pages\/2535\/revisions"}],"predecessor-version":[{"id":2539,"href":"https:\/\/tulekel.ee\/fi\/wp-json\/wp\/v2\/pages\/2535\/revisions\/2539"}],"wp:featuredmedia":[{"embeddable":true,"href":"https:\/\/tulekel.ee\/fi\/wp-json\/wp\/v2\/media\/2537"}],"wp:attachment":[{"href":"https:\/\/tulekel.ee\/fi\/wp-json\/wp\/v2\/media?parent=2535"}],"curies":[{"name":"wp","href":"https:\/\/api.w.org\/{rel}","templated":true}]}}