{"id":2542,"date":"2020-03-07T15:56:35","date_gmt":"2020-03-07T13:56:35","guid":{"rendered":"https:\/\/tulekel.ee\/terms-and-conditions\/muugitingimused\/"},"modified":"2020-06-09T12:41:32","modified_gmt":"2020-06-09T09:41:32","slug":"myyntiehdot","status":"publish","type":"page","link":"https:\/\/tulekel.ee\/fi\/kayttoehdot\/myyntiehdot\/","title":{"rendered":"Myyntiehdot"},"content":{"rendered":"<h3>Sis\u00e4lt\u00f6<\/h3>\n<p>1. <a href=\"https:\/\/tulekel.ee\/fi\/kayttoehdot\/myyntiehdot\/#1\">Ostoehtojen laajuus ja voimassaolo<\/a><br \/>\n2.\u00a0<a href=\"https:\/\/tulekel.ee\/fi\/kayttoehdot\/myyntiehdot\/#2\">Hinta<\/a><br \/>\n3.\u00a0<a href=\"https:\/\/tulekel.ee\/fi\/kayttoehdot\/myyntiehdot\/#3\">Ostoskori ja tilauksen laatiminen<\/a><br \/>\n4.\u00a0<a href=\"https:\/\/tulekel.ee\/fi\/kayttoehdot\/myyntiehdot\/#4\">Tuotteista maksaminen<\/a><br \/>\n5.\u00a0<a href=\"https:\/\/tulekel.ee\/fi\/kayttoehdot\/myyntiehdot\/#5\">Myyntisopimuksen peruuttaminen<\/a><br \/>\n6.\u00a0<a href=\"https:\/\/tulekel.ee\/fi\/kayttoehdot\/myyntiehdot\/#6\">Tuotteiden toimittaminen<\/a><br \/>\n7.\u00a0<a href=\"https:\/\/tulekel.ee\/fi\/kayttoehdot\/myyntiehdot\/#7\">Myyntisopimuksesta vet\u00e4ytyminen ja tuotteen palauttaminen<\/a><br \/>\n8.\u00a0<a href=\"https:\/\/tulekel.ee\/fi\/kayttoehdot\/myyntiehdot\/#8\">Reklamointi ja takuu<\/a><br \/>\n9.\u00a0<a href=\"https:\/\/tulekel.ee\/fi\/kayttoehdot\/myyntiehdot\/#9\">Henkil\u00f6tiedot ja niiden k\u00e4ytt\u00f6<\/a><br \/>\n10.\u00a0<a href=\"https:\/\/tulekel.ee\/fi\/kayttoehdot\/myyntiehdot\/#10\">Vastuu ja ylivoimainen este<\/a><br \/>\n11.\u00a0<a href=\"https:\/\/tulekel.ee\/fi\/kayttoehdot\/myyntiehdot\/#11\">Muut ehdot<\/a><\/p>\n<h3 id=\"1\">Ostoehtojen laajuus ja voimassaolo<\/h3>\n<p>1.1 Ostoehdot ovat voimassa myyj\u00e4n, O\u00dc Tulekel (kaupparekisteritunnus 10702016, osoite Siili 21-10, Tallinna, Viro, puh. +372 56605503, s\u00e4hk\u00f6postiosoite info@tulekel.ee, j\u00e4ljemp\u00e4n\u00e4 Myyj\u00e4), ja Tilaaja (j\u00e4ljemp\u00e4n\u00e4 Tilaaja) v\u00e4lill\u00e4 verkkokaupan www.tulekel.ee (j\u00e4ljemp\u00e4n\u00e4 Verkkokauppa) v\u00e4lityksell\u00e4 tuotteiden ostamisen yhteydess\u00e4 syntyvien oikeudellisista suhteista s\u00e4\u00e4t\u00e4miseen.<br \/>\n1.2 Ostoehtojen lis\u00e4ksi s\u00e4\u00e4t\u00e4v\u00e4t Verkkokaupan v\u00e4lityksell\u00e4 tuotteiden ostamisessa syntyvist\u00e4 oikeussuhteista Virossa voimassa olevat oikeuss\u00e4\u00e4d\u00f6kset.<br \/>\n1.3 Myyj\u00e4ll\u00e4 on oikeus Verkkokaupan kehityksen takia ja Verkkokaupan paremman ja turvallisemman k\u00e4yt\u00f6n varmistamiseen muuttaa Ostoehtoja ja hinnastoa. Ostoehtojen ja hinnaston muutokset astuvat voimaan ko. muutoksen internet-sivustolla <a href=\"http:\/\/www.tulekel.ee\">www.tulekel.ee<\/a> julkaisemisen yhteydess\u00e4. Kun Tilaaja on l\u00e4hett\u00e4nyt tilauksen ennen Ostoehdoissa tehtyjen muutosten voimaan astumista, sovelletaan tilauksen toimittamisen aikana voimassa olleita Ostoehtoja, paitsi jos laissa tai Ostoehdoissa on toisin s\u00e4\u00e4detty.<\/p>\n<h3 id=\"2\">Hinta<\/h3>\n<p>2.1. Verkkokaupassa myyt\u00e4vien tuotteiden hinnat on ilmoitettu euroissa ja laskut sis\u00e4lt\u00e4v\u00e4t 20%a arvonlis\u00e4veron.<br \/>\n2.2. Ostettujen tuotteiden hintaan lis\u00e4t\u00e4\u00e4n\/hinta sis\u00e4lt\u00e4\u00e4 kuljetusmaksun, joka lasketaan Tilaajan ostoskorissa toimitustavan valitsemisen j\u00e4lkeen.<br \/>\n2.3. Myyj\u00e4 pid\u00e4tt\u00e4\u00e4 oikeuden hintojen muutoksiin, joista ei ilmoiteta etuk\u00e4teen. Jos Tilaaja on l\u00e4hett\u00e4nyt tilauksen ennen hintamuutosta, on Tilaajan osalta voimassa hinta, joka oli voimassa tilauksen tekemisen hetken\u00e4.<\/p>\n<h3 id=\"3\">Ostoskori ja tilauksen laatiminen<\/h3>\n<p>3.1. Tilaajan ostoskori luodaan sin\u00e4 hetken\u00e4, jolloin Tilaaja painaa linkkiin \u201eLis\u00e4\u00e4 koriin\u201c.<br \/>\n3.2. Ostoskorissa olevien tuotteiden lukum\u00e4\u00e4r\u00e4\u00e4 voidaan muuttaa sarakkeessa \u201dm\u00e4\u00e4r\u00e4\u201d. Tilauksen laatimiseen on painettava linkkiin \u201dJatka kassalle\u201d. Tilaaja ohjataan tilauksen laatimisen sivulle.<br \/>\n3.3. Tilauksen laatimisen sivulla on sy\u00f6tett\u00e4v\u00e4 vaaditut tiedot ja painettava painikkeeseen \u201eL\u00e4het\u00e4 tilaus\u201d.<br \/>\n3.4. Tilauksen laatimisen sivulla olevien kenttien t\u00e4ytt\u00e4misess\u00e4 on oltava tarkkana, sill\u00e4 n\u00e4iden tietojen tarkkuudesta ja oikeellisuudesta riippuu Tilaajan ostamien tuotteiden nopea ja sujuva toimittaminen. Myyj\u00e4n ei ole vastuussa Tilaajan toimesta tilauksen toimittamatta j\u00e4tt\u00e4misest\u00e4 tai muista seuraamuksista, joiden syyn\u00e4 on ollut Tilaajan toimesta virheellisten tietojen antaminen.<br \/>\n3.5. Myyntisopimus katsotaan solmitun ja tilauksen toteuttaminen aloitetaan, kun tilaus on toimitettu ja laskun mukaan maksettavaksi kuuluva summa on saapunut Myyj\u00e4n pankkitilille.<br \/>\n3.6. Asiakaspalvelu toimii arkip\u00e4ivisin kello 9-17. Asiakaspalvelun puhelinnumero on +372 56 605503.<br \/>\n3.7. Asiakaspalvelu palvelee viroksi, ven\u00e4j\u00e4ksi ja englanniksi.<\/p>\n<h3 id=\"4\">Tuotteista maksaminen<\/h3>\n<p>4.1. Myynti laskun nojalla \u2013 laskun nojalla pankkisiirrolla Myyj\u00e4n pankkitilille. Lasku l\u00e4hetet\u00e4\u00e4n Tilaajalle tilauksen vahvistuksena s\u00e4hk\u00f6postin v\u00e4lityksell\u00e4. Maksun er\u00e4p\u00e4iv\u00e4 on 3 p\u00e4iv\u00e4\u00e4 tilauksen vahvistamisesta\/laskun p\u00e4iv\u00e4m\u00e4\u00e4r\u00e4st\u00e4. Tilauksen t\u00e4ytt\u00e4minen aloitetaan siit\u00e4 hetkest\u00e4 alkaen, jolloin laskussa ilmoitettu kokonaissumma on saapunut Myyj\u00e4n pankkitilille. Jos laskun summaa ei makseta Myyj\u00e4n pankkitilille er\u00e4p\u00e4iv\u00e4\u00e4n menness\u00e4, tilaus ja lasku mit\u00e4t\u00f6id\u00e4\u00e4n automaattisesti.<br \/>\n4.2. Maksuehdot \u2013 maksuehtona on 100% ennakkomaksu laskun mukaan tilauksen laatimisen aikana maksettavaksi kuuluvasta m\u00e4\u00e4r\u00e4st\u00e4.<\/p>\n<h3 id=\"5\">Myyntisopimuksen peruuttaminen<\/h3>\n<p>5.1 Asiakkaalla on oikeus peruuttaa tilaus sen maksamisen j\u00e4lkeen, mutta ennen toimittamista, ilman lis\u00e4kustannuksia. Myyntisopimuksen\/Tilauksen peruuttamiseen on l\u00e4hetett\u00e4v\u00e4 asiasta ilmoittava viesti, joka sis\u00e4lt\u00e4\u00e4 myyntisopimuksen numeron, s\u00e4hk\u00f6postiosoitteeseen info@tulekel.ee. Myyntisopimuksen peruuttamisesta l\u00e4hetet\u00e4\u00e4n asiakkaalle vahvistus.<\/p>\n<h3 id=\"6\">Tuotteiden toimittaminen<\/h3>\n<p>6.1 Tuote toimitetaan ostajan toimesta tilaukseen ilmoitettuun toimitusosoitteeseen. Toimituksen toteuttamisesta ilmoitetaan ostajalle tilaukseen sy\u00f6tettyjen yhteystietojen v\u00e4lityksell\u00e4. Tilattujen tuotteiden kuljetus suoritetaan tilauksen laatimisen hetken\u00e4 voimassa olevien kuljetusehtojen mukaisesti.<br \/>\n6.2 On t\u00e4rke\u00e4\u00e4 varmistaa tilauksen laatimisen yhteydess\u00e4 annettavien yhteystietojen oikeellisuus, jotta toimituksessa ei tulisi viiv\u00e4styksi\u00e4 ja sekaannusta. Tulekel O\u00dc ja l\u00e4hettiyritys eiv\u00e4t ole vastuussa tuotteiden toimituksen viiv\u00e4stymisest\u00e4 ja syntyneist\u00e4 sekaannuksista, jos viiv\u00e4stys ja ep\u00e4selvyys on johtunut tilaukseen virheellisten tai ep\u00e4tarkkojen tietojen kirjaamisesta.<br \/>\n6.3 Tuote luovutetaan vain rahtikirjan nojalla ja sen vastaanottajana tulee olla ostaja. Ennen rahtikirjan allekirjoittamista tarkista pakkaus huolellisesti ja jos pakkaus on vaurioitunut, tee sit\u00e4 koskeva merkint\u00e4 rahtikirjaan. Jos pakkaus on vaurioitunut, on asiakkaalla oikeus kielt\u00e4yty\u00e4 toimitetun pakkauksen vastaan ottamisesta ja\/tai ilmoittaa siit\u00e4 heti Tulekel O\u00dc:lle, l\u00e4hett\u00e4m\u00e4ll\u00e4 viestin s\u00e4hk\u00f6postiosoitteeseen: <a href=\"mailto:info@tulekel.ee\">info@tulekel.ee<\/a><br \/>\n6.4 Tuote luovutetaan kolmannelle henkil\u00f6lle valtakirjan nojalla (muun muassa silloin, kun ostaja on ilmoittanut tilauksen vastaanottajaksi kolmannen henkil\u00f6n). Myyj\u00e4ll\u00e4 on oikeus valtuuttaa tuotteiden toimittajaksi kolmansia henkil\u00f6it\u00e4 (mm. k\u00e4ytt\u00e4\u00e4 l\u00e4hettipalvelua).<\/p>\n<h3 id=\"7\">Myyntisopimuksesta vet\u00e4ytyminen ja tuotteen palauttaminen<\/h3>\n<p>7.1. Asiakkaalla on oikeus vet\u00e4yty\u00e4 myyntisopimuksesta 14 (nelj\u00e4ntoista) p\u00e4iv\u00e4n sis\u00e4ll\u00e4 tuotteen toimitusp\u00e4iv\u00e4st\u00e4 alkaen. Myyntisopimuksesta vet\u00e4ytymisen oikeutta ei sovelleta verkkokaupassa merkinn\u00e4ll\u00e4 \u201dTilaustuote\u201d ja erikseen tilattavan tuotteen osalta.<br \/>\n7.2.Palautettavan tuotteen pit\u00e4\u00e4 olla ehj\u00e4, kokonainen, alkuper\u00e4ispakkauksessa ja k\u00e4ytt\u00e4m\u00e4t\u00f6n. Tilaajan on palauttamisoikeuden yll\u00e4pidon varmistamiseen avattava pakkaus varovasti ja sit\u00e4 vahingoittamatta.<br \/>\n7.3. Palauttamiseen liittyv\u00e4t kulut maksaa Tilaaja.<br \/>\n7.4. K\u00e4ytetyn tai puutteellisen tuotteen palauttamisen tapauksessa on myyj\u00e4ll\u00e4 oikeus kielt\u00e4yty\u00e4 ostajan palauttamishakemuksen hyv\u00e4ksymisest\u00e4 tai kuitata tuotteen arvon v\u00e4hentymisen kustannukset ostajalle palautettavaksi kuuluvasta ostosummasta.<br \/>\n7.5. Jos ostaja ei palauta tuotetta 14 p\u00e4iv\u00e4n sis\u00e4ll\u00e4 palauttamishakemuksen toimittamisen p\u00e4iv\u00e4st\u00e4, on myyj\u00e4ll\u00e4 oikeus hyl\u00e4t\u00e4 hakemus tuotteen palauttamiseen.<br \/>\n7.6. Tuotteen palauttamisen aikomuksesta ja myyntisopimuksesta vet\u00e4ytymisest\u00e4 voidaan ilmoittaa s\u00e4hk\u00f6postiosoitteeseen <a href=\"mailto:info@tulekel.ee\">info@tulekel.ee<\/a><br \/>\n7.7. Ostosumma palautetaan 14 p\u00e4iv\u00e4n sis\u00e4ll\u00e4 sen j\u00e4lkeen, kun palautettava tuote on saapunut myyj\u00e4n toimipisteeseen. Pankkisiirrolla maksettu ostosumma palautetaan tilille, josta ostosumma maksettiin tilauksen laatimisen yhteydess\u00e4 ilmoitetun maksutavan mukaisesti.<br \/>\n7.8. Myyntisopimuksesta vet\u00e4ytymisen tapauksessa on myyj\u00e4ll\u00e4 oikeus kuitata palautettavaksi kuuluvasta ostosummasta 10\u20ac k\u00e4sittelykustannuksen kattamiseen.<br \/>\n7.9. Jos tuotteen palauttamisen j\u00e4lkeen ilmenee, ett\u00e4 tuote ei t\u00e4yt\u00e4 Verkkokaupan Ostoehtojen kohdassa 7.2. mainittuja ehtoja, rahaa ei palauteta ja palauttavaksi tarkoitettu tuote j\u00e4\u00e4 Myyj\u00e4n haltuun. S\u00e4ilytt\u00e4misen tai tuotteen Tilaajalle palauttamisen aiheuttamat kulut maksaa Tilaaja.<\/p>\n<h3 id=\"8\">Reklamointi ja takuu<\/h3>\n<p>8.1 Tuotteen osalta reklamoinnin osalta on Yksityishenkil\u00f6n kohdalla voimassa 24 kuukauden m\u00e4\u00e4r\u00e4aika, joka alkaa tuotteen asiakkaalle luovuttamisen hetkest\u00e4.<br \/>\n8.2 Oikeushenkil\u00f6iden kohdalla noudatetaan valmistajan antamaa takuuaikaa. Takuuaika on 12 kuukautta laitteen ostolaskuun merkityst\u00e4 p\u00e4iv\u00e4m\u00e4\u00e4r\u00e4st\u00e4 alkaen. Takuu antaa ostajalla takuuaikana oikeuden vaatia tuotteen korjaamista tai sen vaihtamista tuotteesta riippuvista syist\u00e4.<br \/>\n8.3 Takuuaikana vaihdettuun osaan annetaan alustavan myyntitakuun kestoa vastaava uusi takuu.<br \/>\n8.4 Takuu ja palautusoikeus ei kata seuraavia tapauksia:<br \/>\n8.4.1 Tuotteen k\u00e4yt\u00f6ss\u00e4 syntyneet toimintah\u00e4iri\u00f6t, joiden aiheuttajana on laitteen k\u00e4ytt\u00f6 v\u00e4\u00e4r\u00e4ll\u00e4 tavalla ja k\u00e4ytt\u00f6ohjeen vaatimusten laiminly\u00f6nti;<br \/>\n8.4.2 S\u00e4hk\u00f6moottori on vaurioitunut myyntipisteest\u00e4 asennuskohteeseen kuljettamisen aikana.<br \/>\n8.4.3 S\u00e4hk\u00f6moottorin sy\u00f6tt\u00f6ketjussa ei ole toimivaa moottorin suojalaitteistoa.<br \/>\n8.4.4 S\u00e4hk\u00f6moottorin k\u00e4yt\u00f6ss\u00e4 syntyneen toimintah\u00e4iri\u00f6t, joiden aiheuttajana on ollut ukkonen tai jokin muu luonnonilmi\u00f6 (ylivoimainen este);<br \/>\n8.4.5 S\u00e4hk\u00f6moottorin on asentanut, sit\u00e4 on huoltanut tai korjannut henkil\u00f6, jolta puuttuu vaadittava p\u00e4tevyys tai jota valmistaja ei ole valtuuttanut n\u00e4it\u00e4 teht\u00e4vi\u00e4 hoitamaan.<br \/>\n8.4.6 S\u00e4hk\u00f6moottori on vaurioitunut v\u00e4\u00e4r\u00e4n asennuksen tai k\u00e4yt\u00f6n johdosta, tai voimansiirtokomponenttien v\u00e4\u00e4r\u00e4n asennustavan johdosta.<br \/>\n8.4.7 S\u00e4hk\u00f6moottorin k\u00e4yt\u00f6ss\u00e4 syntyneet toimintah\u00e4iri\u00f6t ja fyysiset vauriot, jotka ovat syntyneet tahallisen tai tahattoman fyysisen vaurion seurauksena;<br \/>\n8.4.8 S\u00e4hk\u00f6moottorin k\u00e4yt\u00f6ss\u00e4 syntyneet toimintah\u00e4iri\u00f6t ja fyysiset vauriot, jotka ovat syntyneet laitteen sis\u00e4ll\u00e4 joutuneiden vieraiden esineiden, nesteiden, hy\u00f6nteisten, ylim\u00e4\u00e4r\u00e4isen p\u00f6lyn tms. johdosta;<br \/>\n8.4.9 S\u00e4hk\u00f6moottorin k\u00e4yt\u00f6ss\u00e4 syntyneet toimintah\u00e4iri\u00f6t ja fyysiset vauriot, joiden aiheuttajana on ei-alkuper\u00e4isten tai sopimattomien varaosien ja tarvikkeiden k\u00e4ytt\u00f6;<br \/>\n8.4.10 S\u00e4hk\u00f6moottorit ja osat, joiden sarjanumerot, tarkastustarrat tai merkint\u00e4tarrat ovat vaurioituneet, ne on vaihdettu tai poistettu;<br \/>\n8.4.11 S\u00e4hk\u00f6moottorin k\u00e4yt\u00f6n aikana syntyneet h\u00e4iri\u00f6t, jotka ovat johtuneet tuotteen v\u00e4\u00e4r\u00e4st\u00e4 k\u00e4ytt\u00f6tavasta ja v\u00e4\u00e4r\u00e4st\u00e4 asennuksesta tai tuotteen k\u00e4yt\u00f6st\u00e4 muuhun kuin sen k\u00e4ytt\u00f6tarkoitukseen;<br \/>\n8.4.12 S\u00e4hk\u00f6moottori on vaurioitunut v\u00e4\u00e4rien varastointiolosuhteiden johdosta.<br \/>\n8.4.13 Ilman vaatimusten mukaisesti laadittuja asiakirjoja, laskua tai n\u00e4iden takuuehtojen puuttuessa takuu raukeaa;<br \/>\n8.4.14 S\u00e4hk\u00f6moottorin k\u00e4yt\u00f6ss\u00e4 syntyneet h\u00e4iri\u00f6t, joiden aiheuttajana on ollut laitteen teknisten ominaisuuksien muuttaminen, jonka on suorittanut henkil\u00f6 tai huoltoyhti\u00f6, jolla ei ole tuotteen valmistajan antamaa hyv\u00e4ksynt\u00e4\u00e4;<br \/>\n8.4.15 Virheit\u00e4 tai v\u00e4itettyj\u00e4 virheit\u00e4, jotka johtuvat seikasta, ett\u00e4 tuotetta on k\u00e4ytetty yhdess\u00e4 tuotteen, tarvikkeen, palvelun kanssa, jolla ei ole vastaavaa sertifikaattia tai t\u00f6it\u00e4 on suoritettu p\u00e4tem\u00e4tt\u00f6m\u00e4n henkil\u00f6n toimesta.<br \/>\n8.5 Takuuajan korjauksen yhteystiedot Virossa: s\u00e4hk\u00f6posti: <a href=\"mailto:garantii@tulekel.ee\">garantii@tulekel.ee<\/a> tai puhelinnumero: +372 56 605 503<br \/>\n8.6 Huom! Kun tilattu tuote toimitetaan takuuajalla korjattavaksi, on t\u00e4rke\u00e4\u00e4, ett\u00e4 tuote laitetaan alkuper\u00e4ispakkaukseen kaikkien toimitukseen kuuluvine osineen (jotta tuote voidaan kytke\u00e4 p\u00e4\u00e4lle).<br \/>\n8.7 Huom! Kaikki palautettavat tuotteet ovat asiakkaan vastuulla siihen saakka, kunnes tuotteet ovat saapuneet meid\u00e4n varastoon. Varmistakaa, ett\u00e4 kaikki tuotteet on kunnolla pakattu ja tuotteiden kuljetuksen aikaisten vaurioiden syntymisen riski on mahdollisimman pieni.<br \/>\n8.8 Takuu ei kata s\u00e4hk\u00f6moottorin k\u00e4ytt\u00f6kohteeseen asentamisen ja sielt\u00e4 purkamisen, j\u00e4lleenmyyj\u00e4n toimipisteen toimittamisen tai sielt\u00e4 hakemisen eik\u00e4 ty\u00f6n keskeytt\u00e4misen aiheuttamia kuluja.<br \/>\n8.9 Takuu ei kata my\u00f6sk\u00e4\u00e4n saamatta j\u00e4\u00e4neit\u00e4 tuloja eik\u00e4 muita asiakkaan liiketoimintaan mahdollisesti vaikuttaneita seikkoja.<br \/>\n8.10 Vakuutamme, ett\u00e4 hankittu laite t\u00e4ytt\u00e4\u00e4 EU:n s\u00e4hk\u00f6turvallisuuden standardien asettamat vaatimukset, siit\u00e4 on osoituksena CEIEC60034-1 merkint\u00e4 moottorin tietokilvess\u00e4 sek\u00e4 valmistajatehtaan vahvistus.<br \/>\n8.11 S\u00e4hk\u00f6moottorin toimintah\u00e4iri\u00f6n syy selvitet\u00e4\u00e4n n\u00e4\u00f6nvaraisella tarkastuksella tai toimintah\u00e4iri\u00f6n syyn selvittelyss\u00e4 moottorin k\u00e4\u00e4min kunnon perusteella.<br \/>\n8.12 Laitteelle suoritetun toimintah\u00e4iri\u00f6n selvittelyn (diagnostiikan) aiheuttamista kuluista on maksettava 30 euron k\u00e4sittelymaksu, jos ilmenee, ett\u00e4 toimintah\u00e4iri\u00f6n syyn\u00e4 ei ole valmistajan valmistus- tms. virhe. Tulekel O\u00dc ei ole vastuussa laitteessa ilmenneen puutteen poistamisesta ja korjaaminen ei ole mahdollista. Lis\u00e4ksi on Tilaajan maksettava toimintah\u00e4iri\u00f6n syyn selvitt\u00e4misest\u00e4 peritt\u00e4v\u00e4 maksu silloin, kun laitteessa ei todeta diagnostiikan yhteydess\u00e4 puutteita ja laite t\u00e4ytt\u00e4\u00e4 valmistajan ilmoittamat tekniset vaatimukset.<br \/>\n8.13 Palvelun tarjoajalla on oikeus lis\u00e4t\u00e4 asiakkaalle toimitettavaan laskuun k\u00e4sittely- eli diagnosointimaksu 30 euroa, jos tuote todetaan olevaan toimintakunnossa tai asiakas luopuu maksullisesta korjauksesta.<\/p>\n<h3 id=\"9\">Henkil\u00f6tiedot ja niiden k\u00e4ytt\u00f6<\/h3>\n<p>9.1. Kaikkia verkkokaupassa asioimisen ja ostojen suorittamisen yhteydess\u00e4 myyj\u00e4n tietoon tulleita Tilaajan henkil\u00f6tietoja k\u00e4sitell\u00e4\u00e4n luottamuksellisina tietoina. Myyj\u00e4 ei ilmaise h\u00e4nen tietoonsa tulleita henkil\u00f6tietoja kolmansille osapuolille, paitsi laissa s\u00e4\u00e4detyiss\u00e4 tapauksissa. Halutessa on Tilaajalla oikeus vaatia tietojensa poistamista verkkokaupan tietokannasta. Kryptattu viestint\u00e4kanava varmistaa Tilaajan henkil\u00f6tietojen turvallisuuden, Myyj\u00e4n ei ole mahdollista k\u00e4sitell\u00e4 niit\u00e4 tietoja.<\/p>\n<h3 id=\"10\">Vastuu ja ylivoimainen este<\/h3>\n<p>10.1. Myyj\u00e4 on vastuussa Tilaajan suhteen ja Tilaaja on vastuussa toisen osapuolen suhteen n\u00e4iden ehtojen laiminly\u00f6misen aiheuttamasta vahingosta Virossa voimassa olevan lains\u00e4\u00e4d\u00e4nn\u00f6n s\u00e4\u00e4t\u00e4miss\u00e4 tapauksissa ja laajuudessa.<br \/>\n10.2. Myyj\u00e4 ei ole vastuussa Tilaajalle aiheutetuista vahingoista tai tuotteen toimituksen viiv\u00e4stymisest\u00e4 silloin, kun vahinko tai tuotteen toimituksen viiv\u00e4styminen johtuu seikasta, johon Myyj\u00e4 ei ole voinut vaikuttaa ja jonka saapumista Myyj\u00e4 ei ole voinut ennakoida tai (ylivoimainen este).<br \/>\n10.3. Myyj\u00e4 ole vastuussa Tilaajalle verkkokaupan palveluiden k\u00e4ytt\u00e4misen edellytt\u00e4mien ohjelmien tiedonv\u00e4litysj\u00e4rjestelmien hankkimisesta ja kunnossapidosta eik\u00e4 muista verkkokaupan palveluiden aiheuttamista kustannuksista.<\/p>\n<h3 id=\"11\">Muut ehdot<\/h3>\n<p>11.1. N\u00e4iss\u00e4 ehdoissa k\u00e4sittelem\u00e4tt\u00e4 j\u00e4\u00e4neiss\u00e4 asioissa noudatetaan Virossa voimassa olevan lains\u00e4\u00e4d\u00e4nn\u00f6ss\u00e4 s\u00e4\u00e4dettyj\u00e4 vaatimuksia.<br \/>\n11.2. Tilaajan ja Myyj\u00e4n v\u00e4liss\u00e4 verkkokaupan v\u00e4lityksell\u00e4 tuotteiden tilaamiseen ja ostamiseen liittyv\u00e4t erimielisyydet ratkaistaan keskin\u00e4isiss\u00e4 neuvotteluissa. Jos yhteisymm\u00e4rrykseen ei p\u00e4\u00e4st\u00e4, on Tilaajalla oikeus k\u00e4\u00e4nty\u00e4 erimielisyyden ratkaisemisen tarkoituksessa Kuluttajansuojaviraston puoleen. Erimielisyyksien ratkaisemisessa noudatetaan Virossa voimassa olevaa lains\u00e4\u00e4d\u00e4nt\u00f6\u00e4.<br \/>\n11.3. Tilaajan on pakollista tutustua Ostoehtoihin.<br \/>\n11.4. Tilauksen toimittamisen yhteydess\u00e4 on teht\u00e4v\u00e4 rasti kentt\u00e4\u00e4n \u201dHyv\u00e4ksyn Ostoehdot\u201d. Tilaaja vahvistaa t\u00e4ten tutustuneensa Ostoehtoihin, ymm\u00e4rt\u00e4neens\u00e4 ne ja suostuvansa noudattamaan niit\u00e4.<\/p>\n","protected":false},"excerpt":{"rendered":"<p>Sis\u00e4lt\u00f6 1. Ostoehtojen laajuus ja voimassaolo 2.\u00a0Hinta 3.\u00a0Ostoskori ja tilauksen laatiminen 4.\u00a0Tuotteista maksaminen 5.\u00a0Myyntisopimuksen peruuttaminen 6.\u00a0Tuotteiden toimittaminen 7.\u00a0Myyntisopimuksesta vet\u00e4ytyminen ja tuotteen palauttaminen 8.\u00a0Reklamointi ja takuu 9.\u00a0Henkil\u00f6tiedot ja niiden k\u00e4ytt\u00f6 10.\u00a0Vastuu ja ylivoimainen este 11.\u00a0Muut ehdot Ostoehtojen laajuus ja voimassaolo 1.1 Ostoehdot ovat voimassa myyj\u00e4n, O\u00dc Tulekel (kaupparekisteritunnus 10702016, osoite Siili 21-10, Tallinna, Viro, puh. +372&#8230;  <a class=\"excerpt-read-more\" href=\"https:\/\/tulekel.ee\/fi\/kayttoehdot\/myyntiehdot\/\" title=\"Lue lis\u00e4\u00e4Myyntiehdot\">Lue lis\u00e4\u00e4<\/a><\/p>\n","protected":false},"author":1,"featured_media":2544,"parent":2540,"menu_order":0,"comment_status":"closed","ping_status":"closed","template":"page-terms.php","meta":[],"yoast_head":"<!-- This site is optimized with the Yoast SEO plugin v15.9.2 - https:\/\/yoast.com\/wordpress\/plugins\/seo\/ -->\n<title>Myyntiehdot - Sopiva s\u00e4hk\u00f6moottori meid\u00e4n verkkokaupasta | Tulekel<\/title>\n<meta name=\"description\" content=\"Laadukkaiden ja tehokkaan suorituskykyluokan s\u00e4hk\u00f6moottoreiden myynti IE2, IE3, IE4. S\u00e4hk\u00f6moottorit t\u00e4ytt\u00e4v\u00e4t kaikkien EU:ssa voimassa olevien standardien DNV\/ISO asettamat vaatimukset\" \/>\n<link rel=\"canonical\" href=\"https:\/\/tulekel.ee\/fi\/kayttoehdot\/myyntiehdot\/\" \/>\n<meta property=\"og:locale\" content=\"fi_FI\" \/>\n<meta property=\"og:type\" content=\"article\" \/>\n<meta property=\"og:title\" content=\"Myyntiehdot - Sopiva s\u00e4hk\u00f6moottori meid\u00e4n verkkokaupasta | Tulekel\" \/>\n<meta property=\"og:description\" content=\"Laadukkaiden ja tehokkaan suorituskykyluokan s\u00e4hk\u00f6moottoreiden myynti IE2, IE3, IE4. S\u00e4hk\u00f6moottorit t\u00e4ytt\u00e4v\u00e4t kaikkien EU:ssa voimassa olevien standardien DNV\/ISO asettamat vaatimukset\" \/>\n<meta property=\"og:url\" content=\"https:\/\/tulekel.ee\/fi\/kayttoehdot\/myyntiehdot\/\" \/>\n<meta property=\"og:site_name\" content=\"Tulekel\" \/>\n<meta property=\"article:modified_time\" content=\"2020-06-09T09:41:32+00:00\" \/>\n<meta property=\"og:image\" content=\"https:\/\/tulekel.ee\/wp-content\/uploads\/2020\/05\/warehouse_closeup_2.jpg\" \/>\n\t<meta property=\"og:image:width\" content=\"1920\" \/>\n\t<meta property=\"og:image:height\" content=\"600\" \/>\n<meta name=\"twitter:card\" content=\"summary_large_image\" \/>\n<meta name=\"twitter:label1\" content=\"Est. reading time\">\n\t<meta name=\"twitter:data1\" content=\"9 minuuttia\">\n<script type=\"application\/ld+json\" class=\"yoast-schema-graph\">{\"@context\":\"https:\/\/schema.org\",\"@graph\":[{\"@type\":\"Organization\",\"@id\":\"https:\/\/tulekel.ee\/en\/#organization\",\"name\":\"Tulekel O\\u00dc\",\"url\":\"https:\/\/tulekel.ee\/en\/\",\"sameAs\":[],\"logo\":{\"@type\":\"ImageObject\",\"@id\":\"https:\/\/tulekel.ee\/en\/#logo\",\"inLanguage\":\"fi\",\"url\":\"https:\/\/tulekel.ee\/wp-content\/uploads\/2020\/05\/logo.png\",\"width\":400,\"height\":400,\"caption\":\"Tulekel O\\u00dc\"},\"image\":{\"@id\":\"https:\/\/tulekel.ee\/en\/#logo\"}},{\"@type\":\"WebSite\",\"@id\":\"https:\/\/tulekel.ee\/en\/#website\",\"url\":\"https:\/\/tulekel.ee\/en\/\",\"name\":\"Tulekel\",\"description\":\"Kvaliteetsete elektrimootorite m\\u00fc\\u00fck, uued elektrimootorid parima hinnaga\",\"publisher\":{\"@id\":\"https:\/\/tulekel.ee\/en\/#organization\"},\"potentialAction\":[{\"@type\":\"SearchAction\",\"target\":\"https:\/\/tulekel.ee\/en\/?s={search_term_string}\",\"query-input\":\"required name=search_term_string\"}],\"inLanguage\":\"fi\"},{\"@type\":\"ImageObject\",\"@id\":\"https:\/\/tulekel.ee\/fi\/kayttoehdot\/myyntiehdot\/#primaryimage\",\"inLanguage\":\"fi\",\"url\":\"https:\/\/tulekel.ee\/wp-content\/uploads\/2020\/05\/warehouse_closeup_2.jpg\",\"width\":1920,\"height\":600},{\"@type\":\"WebPage\",\"@id\":\"https:\/\/tulekel.ee\/fi\/kayttoehdot\/myyntiehdot\/#webpage\",\"url\":\"https:\/\/tulekel.ee\/fi\/kayttoehdot\/myyntiehdot\/\",\"name\":\"Myyntiehdot - Sopiva s\\u00e4hk\\u00f6moottori meid\\u00e4n verkkokaupasta | Tulekel\",\"isPartOf\":{\"@id\":\"https:\/\/tulekel.ee\/en\/#website\"},\"primaryImageOfPage\":{\"@id\":\"https:\/\/tulekel.ee\/fi\/kayttoehdot\/myyntiehdot\/#primaryimage\"},\"datePublished\":\"2020-03-07T13:56:35+00:00\",\"dateModified\":\"2020-06-09T09:41:32+00:00\",\"description\":\"Laadukkaiden ja tehokkaan suorituskykyluokan s\\u00e4hk\\u00f6moottoreiden myynti IE2, IE3, IE4. S\\u00e4hk\\u00f6moottorit t\\u00e4ytt\\u00e4v\\u00e4t kaikkien EU:ssa voimassa olevien standardien DNV\/ISO asettamat vaatimukset\",\"breadcrumb\":{\"@id\":\"https:\/\/tulekel.ee\/fi\/kayttoehdot\/myyntiehdot\/#breadcrumb\"},\"inLanguage\":\"fi\",\"potentialAction\":[{\"@type\":\"ReadAction\",\"target\":[\"https:\/\/tulekel.ee\/fi\/kayttoehdot\/myyntiehdot\/\"]}]},{\"@type\":\"BreadcrumbList\",\"@id\":\"https:\/\/tulekel.ee\/fi\/kayttoehdot\/myyntiehdot\/#breadcrumb\",\"itemListElement\":[{\"@type\":\"ListItem\",\"position\":1,\"item\":{\"@type\":\"WebPage\",\"@id\":\"https:\/\/tulekel.ee\/fi\/\",\"url\":\"https:\/\/tulekel.ee\/fi\/\",\"name\":\"Home\"}},{\"@type\":\"ListItem\",\"position\":2,\"item\":{\"@type\":\"WebPage\",\"@id\":\"https:\/\/tulekel.ee\/fi\/kayttoehdot\/\",\"url\":\"https:\/\/tulekel.ee\/fi\/kayttoehdot\/\",\"name\":\"K\\u00e4ytt\\u00f6ehdot\"}},{\"@type\":\"ListItem\",\"position\":3,\"item\":{\"@type\":\"WebPage\",\"@id\":\"https:\/\/tulekel.ee\/fi\/kayttoehdot\/myyntiehdot\/\",\"url\":\"https:\/\/tulekel.ee\/fi\/kayttoehdot\/myyntiehdot\/\",\"name\":\"Myyntiehdot\"}}]}]}<\/script>\n<!-- \/ Yoast SEO plugin. -->","_links":{"self":[{"href":"https:\/\/tulekel.ee\/fi\/wp-json\/wp\/v2\/pages\/2542"}],"collection":[{"href":"https:\/\/tulekel.ee\/fi\/wp-json\/wp\/v2\/pages"}],"about":[{"href":"https:\/\/tulekel.ee\/fi\/wp-json\/wp\/v2\/types\/page"}],"author":[{"embeddable":true,"href":"https:\/\/tulekel.ee\/fi\/wp-json\/wp\/v2\/users\/1"}],"replies":[{"embeddable":true,"href":"https:\/\/tulekel.ee\/fi\/wp-json\/wp\/v2\/comments?post=2542"}],"version-history":[{"count":4,"href":"https:\/\/tulekel.ee\/fi\/wp-json\/wp\/v2\/pages\/2542\/revisions"}],"predecessor-version":[{"id":2548,"href":"https:\/\/tulekel.ee\/fi\/wp-json\/wp\/v2\/pages\/2542\/revisions\/2548"}],"up":[{"embeddable":true,"href":"https:\/\/tulekel.ee\/fi\/wp-json\/wp\/v2\/pages\/2540"}],"wp:featuredmedia":[{"embeddable":true,"href":"https:\/\/tulekel.ee\/fi\/wp-json\/wp\/v2\/media\/2544"}],"wp:attachment":[{"href":"https:\/\/tulekel.ee\/fi\/wp-json\/wp\/v2\/media?parent=2542"}],"curies":[{"name":"wp","href":"https:\/\/api.w.org\/{rel}","templated":true}]}}