{"id":2549,"date":"2020-03-07T15:56:57","date_gmt":"2020-03-07T13:56:57","guid":{"rendered":"https:\/\/tulekel.ee\/kayttoehdot\/kasiraamat\/"},"modified":"2020-06-09T12:45:41","modified_gmt":"2020-06-09T09:45:41","slug":"ohjeet","status":"publish","type":"page","link":"https:\/\/tulekel.ee\/fi\/kayttoehdot\/ohjeet\/","title":{"rendered":"Ohjeet"},"content":{"rendered":"<h3>Kuljetus ja varastointi<\/h3>\n<p>Moottori on suojattava kuljetuksen aikana mahdollisilta vaurioilta. S\u00e4ilytet\u00e4\u00e4n kuivassa sis\u00e4tilassa. Lyhytaikainen varastointi ulkona on sallittua, edellytt\u00e4en, ett\u00e4 moottori on suojattu ilmaston vaikutuksilta. <strong>Moottoria ei saa kuljettaa tai varastoida tuulettimen suojan varassa.<\/strong><\/p>\n<h3>Asennus<\/h3>\n<p>Voimansiirron asentamiseen saa k\u00e4ytt\u00e4\u00e4 vain tarkoituksenmukaisia ty\u00f6v\u00e4lineit\u00e4. Akselin elementti\u00e4 saa kuumentaa etuk\u00e4teen. Vasaran k\u00e4ytt\u00f6 on ehdottomasti kielletty\u00e4!<\/p>\n<p>Voimalaitteen kaikki py\u00f6riv\u00e4t komponentit on dynaamisesti tasapainotettava. Roottori on dynaamisesti tasapainotettu puolen kiilan menetelm\u00e4ll\u00e4 (teknisiss\u00e4 tiedoissa \u201dpuolikiilalla\u201d).<\/p>\n<p>Moottori on asennettava siten, ett\u00e4 sen k\u00e4yt\u00f6ss\u00e4 ei syntyisi t\u00e4rin\u00e4\u00e4. K\u00e4ytt\u00f6laitteen, kytkimen koko j\u00e4rjestelm\u00e4n asetuksissa on oltava tarkka. Materiaaleihin ei saa synty\u00e4 j\u00e4nnitteit\u00e4.<\/p>\n<p>J\u00e4\u00e4hdytyss\u00e4leik\u00f6n ja aukkojen pit\u00e4\u00e4 pysy\u00e4 j\u00e4\u00e4hdytyksen varmistamiseen avoimina. Moottori on sijoitettava eroon seinist\u00e4, ovista yms. Ulkona varastoidessa suojattava sateilta, lumelta, j\u00e4\u00e4tymiselt\u00e4.<\/p>\n<h3>Liitt\u00e4minen s\u00e4hk\u00f6verkkoon<\/h3>\n<p>Kaikki s\u00e4hk\u00f6liit\u00e4nt\u00e4ty\u00f6t voi suorittaa asianmukaisen p\u00e4tevyyden hankkinut henkil\u00f6.<br \/>\nSy\u00f6tt\u00f6j\u00e4nnitteen tulee vastata tietokilvess\u00e4 annettuja tietoja. Laske oikea j\u00e4nnite.<br \/>\nValitse kaapelit, joiden poikkileikkaus on nimellisvirran mukainen.<\/p>\n<p>Moottorin sy\u00f6tt\u00f6piiriin on yhdistett\u00e4v\u00e4 sopivan kokoinen ja toimiva moottorin suojalaite (Amp.).<\/p>\n<p>Moottorin sy\u00f6t\u00f6n p\u00e4\u00e4lle kytkemiseen on k\u00e4ytett\u00e4v\u00e4 tasavirtaa rajoittavia sulakkeita, my\u00f6s silloin, kun katkaisija on \u0394 \/ Y. L\u00e4mp\u00f6tila-antureilla varustetut moottorit liitet\u00e4\u00e4n sopivilla k\u00e4ytt\u00f6laitteilla.<\/p>\n<p>Varmista moottorin py\u00f6rimissuunta. Kun suuntaa on muutettava, yhdist\u00e4 kaksi vaihetta toisella tavalla (kahdessa vaiheessa naparasiassa).<\/p>\n<h3>Kuljetus ja varastointi<\/h3>\n<p>Moottori on suojattava kuljetuksen aikana mahdollisilta vaurioilta. S\u00e4ilytet\u00e4\u00e4n kuivassa sis\u00e4tilassa. Lyhytaikainen varastointi ulkona on sallittua, edellytt\u00e4en, ett\u00e4 moottori on suojattu ilmaston vaikutuksilta. Moottoria ei saa kuljettaa tai varastoida tuulettimen suojan varassa.<\/p>\n<h3>Asennus<\/h3>\n<p>Voimansiirron asentamiseen saa k\u00e4ytt\u00e4\u00e4 vain tarkoituksenmukaisia ty\u00f6v\u00e4lineit\u00e4. Akselin elementti\u00e4 saa kuumentaa etuk\u00e4teen. Vasaran k\u00e4ytt\u00f6 on ehdottomasti kielletty\u00e4!<\/p>\n<p>Voimalaitteen kaikki py\u00f6riv\u00e4t komponentit on dynaamisesti tasapainotettava. Roottori on dynaamisesti tasapainotettu puolen kiilan menetelm\u00e4ll\u00e4 (teknisiss\u00e4 tiedoissa \u201dpuolikiilalla\u201d).<\/p>\n<p>Moottori on asennettava siten, ett\u00e4 sen k\u00e4yt\u00f6ss\u00e4 ei syntyisi t\u00e4rin\u00e4\u00e4. K\u00e4ytt\u00f6laitteen, kytkimen koko j\u00e4rjestelm\u00e4n asetuksissa on oltava tarkka. Materiaaleihin ei saa synty\u00e4 j\u00e4nnitteit\u00e4.<\/p>\n<p>J\u00e4\u00e4hdytyss\u00e4leik\u00f6n ja aukkojen pit\u00e4\u00e4 pysy\u00e4 j\u00e4\u00e4hdytyksen varmistamiseen avoimina. Moottori on sijoitettava eroon seinist\u00e4, ovista yms. Ulkona varastoidessa suojattava sateilta, lumelta, j\u00e4\u00e4tymiselt\u00e4.<\/p>\n<h3>Liitt\u00e4minen s\u00e4hk\u00f6verkkoon<\/h3>\n<p>Kaikki s\u00e4hk\u00f6liit\u00e4nt\u00e4ty\u00f6t voi suorittaa asianmukaisen p\u00e4tevyyden hankkinut henkil\u00f6.<br \/>\nSy\u00f6tt\u00f6j\u00e4nnitteen tulee vastata tietokilvess\u00e4 annettuja tietoja. Laske oikea j\u00e4nnite.<br \/>\nValitse kaapelit, joiden poikkileikkaus on nimellisvirran mukainen.<\/p>\n<p>Moottorin sy\u00f6tt\u00f6piiriin on yhdistett\u00e4v\u00e4 sopivan kokoinen ja toimiva moottorin suojalaite (Amp.).<\/p>\n<p>Moottorin sy\u00f6t\u00f6n p\u00e4\u00e4lle kytkemiseen on k\u00e4ytett\u00e4v\u00e4 tasavirtaa rajoittavia sulakkeita, my\u00f6s silloin, kun katkaisija on \u0394 \/ Y. L\u00e4mp\u00f6tila-antureilla varustetut moottorit liitet\u00e4\u00e4n sopivilla k\u00e4ytt\u00f6laitteilla.<\/p>\n<p>Varmista moottorin py\u00f6rimissuunta. Kun suuntaa on muutettava, yhdist\u00e4 kaksi vaihetta toisella tavalla (kahdessa vaiheessa naparasiassa).<\/p>\n<h3>Jakorasia<\/h3>\n<p>Varmista, ett\u00e4<\/p>\n<ul>\n<li>pultit on kiristetty (riviliittimen molemmin puolin)<\/li>\n<li>rasiassa ei ole vieraita esineit\u00e4<\/li>\n<li>johdot on turvallisesti eristetty<\/li>\n<li>tiivisteet ovat paikoillaan<\/li>\n<\/ul>\n<p>Ennen huolto- tai korjaust\u00f6iden aloittamista on varmistettava, ett\u00e4 moottori on sammutettuna. Moottorin k\u00e4yt\u00f6n aikana on sovellettava erityisi\u00e4 turvamenetelmi\u00e4. Moottorin ylikuormituksen est\u00e4miseen tarkista virran voimakkuus ennen moottorin p\u00e4\u00e4lle kytkemist\u00e4.<\/p>\n<p>Sen j\u00e4lkeen tarkista moottorin k\u00e4\u00e4mien eristeit\u00e4. Eristeen vastuksen pit\u00e4\u00e4 25\u00b0C olla v\u00e4hint\u00e4\u00e4n 5M\u03a9. Kun vastus on pienempi, syyn\u00e4 saattaa olla ylim\u00e4\u00e4r\u00e4inen kosteus ja moottori on kuivattava.<\/p>\n<h3>Huolto<\/h3>\n<p>Kaikki moottorin huoltoty\u00f6t on suoritettava huoltoyrityksess\u00e4.<br \/>\nMoottori on pidett\u00e4v\u00e4 puhtaana, jotta p\u00f6ly, \u00f6ljy tai muut saasteet eiv\u00e4t aiheuttaisi moottorin vaurioitumista.<br \/>\nOn suositeltavaa tarkistaa, ett\u00e4:<br \/>\nmoottori toimii hiljaa ja mit\u00e4\u00e4n ylim\u00e4\u00e4r\u00e4ist\u00e4 t\u00e4rin\u00e4\u00e4 ei ole<br \/>\nV-hihnan kiristys on vaatimusten mukainen<br \/>\ntuulettimen j\u00e4\u00e4hdytys toimii asianmukaisesti<\/p>\n<h3>Laakerit<\/h3>\n<p>Kaikki moottoreiden laakerit ovat laadukkaita (FAG, SKF, NSK, INA) molemmin puolin suljettuja laakereita. Varmistamme:<\/p>\n<ul>\n<li>40 000 ty\u00f6tuntia kytkimen kautta, ilman moottorin akselin rasitusta, vaakasuorassa ty\u00f6asennossa<\/li>\n<li>20 000 ty\u00f6tuntia akselin kohdistetun maksimirasituksen tapauksessa<\/li>\n<\/ul>\n","protected":false},"excerpt":{"rendered":"<p>Kuljetus ja varastointi Moottori on suojattava kuljetuksen aikana mahdollisilta vaurioilta. S\u00e4ilytet\u00e4\u00e4n kuivassa sis\u00e4tilassa. Lyhytaikainen varastointi ulkona on sallittua, edellytt\u00e4en, ett\u00e4 moottori on suojattu ilmaston vaikutuksilta. Moottoria ei saa kuljettaa tai varastoida tuulettimen suojan varassa. Asennus Voimansiirron asentamiseen saa k\u00e4ytt\u00e4\u00e4 vain tarkoituksenmukaisia ty\u00f6v\u00e4lineit\u00e4. Akselin elementti\u00e4 saa kuumentaa etuk\u00e4teen. Vasaran k\u00e4ytt\u00f6 on ehdottomasti kielletty\u00e4! Voimalaitteen kaikki py\u00f6riv\u00e4t&#8230;  <a class=\"excerpt-read-more\" href=\"https:\/\/tulekel.ee\/fi\/kayttoehdot\/ohjeet\/\" title=\"Lue lis\u00e4\u00e4Ohjeet\">Lue lis\u00e4\u00e4<\/a><\/p>\n","protected":false},"author":1,"featured_media":2536,"parent":2540,"menu_order":0,"comment_status":"closed","ping_status":"closed","template":"page-terms.php","meta":[],"yoast_head":"<!-- This site is optimized with the Yoast SEO plugin v15.9.2 - https:\/\/yoast.com\/wordpress\/plugins\/seo\/ -->\n<title>Ohjeet - Sopiva s\u00e4hk\u00f6moottori meid\u00e4n verkkokaupasta | Tulekel<\/title>\n<meta name=\"description\" content=\"Laadukkaiden ja tehokkaan suorituskykyluokan s\u00e4hk\u00f6moottoreiden myynti IE2, IE3, IE4. S\u00e4hk\u00f6moottorit t\u00e4ytt\u00e4v\u00e4t kaikkien EU:ssa voimassa olevien standardien DNV\/ISO asettamat vaatimukset\" \/>\n<link rel=\"canonical\" href=\"https:\/\/tulekel.ee\/fi\/kayttoehdot\/ohjeet\/\" \/>\n<meta property=\"og:locale\" content=\"fi_FI\" \/>\n<meta property=\"og:type\" content=\"article\" \/>\n<meta property=\"og:title\" content=\"Ohjeet - Sopiva s\u00e4hk\u00f6moottori meid\u00e4n verkkokaupasta | Tulekel\" \/>\n<meta property=\"og:description\" content=\"Laadukkaiden ja tehokkaan suorituskykyluokan s\u00e4hk\u00f6moottoreiden myynti IE2, IE3, IE4. S\u00e4hk\u00f6moottorit t\u00e4ytt\u00e4v\u00e4t kaikkien EU:ssa voimassa olevien standardien DNV\/ISO asettamat vaatimukset\" \/>\n<meta property=\"og:url\" content=\"https:\/\/tulekel.ee\/fi\/kayttoehdot\/ohjeet\/\" \/>\n<meta property=\"og:site_name\" content=\"Tulekel\" \/>\n<meta property=\"article:modified_time\" content=\"2020-06-09T09:45:41+00:00\" \/>\n<meta property=\"og:image\" content=\"https:\/\/tulekel.ee\/wp-content\/uploads\/2020\/05\/motor_single_blue.jpg\" \/>\n\t<meta property=\"og:image:width\" content=\"1920\" \/>\n\t<meta property=\"og:image:height\" content=\"600\" \/>\n<meta name=\"twitter:card\" content=\"summary_large_image\" \/>\n<meta name=\"twitter:label1\" content=\"Est. reading time\">\n\t<meta name=\"twitter:data1\" content=\"3 minuuttia\">\n<script type=\"application\/ld+json\" class=\"yoast-schema-graph\">{\"@context\":\"https:\/\/schema.org\",\"@graph\":[{\"@type\":\"Organization\",\"@id\":\"https:\/\/tulekel.ee\/en\/#organization\",\"name\":\"Tulekel O\\u00dc\",\"url\":\"https:\/\/tulekel.ee\/en\/\",\"sameAs\":[],\"logo\":{\"@type\":\"ImageObject\",\"@id\":\"https:\/\/tulekel.ee\/en\/#logo\",\"inLanguage\":\"fi\",\"url\":\"https:\/\/tulekel.ee\/wp-content\/uploads\/2020\/05\/logo.png\",\"width\":400,\"height\":400,\"caption\":\"Tulekel O\\u00dc\"},\"image\":{\"@id\":\"https:\/\/tulekel.ee\/en\/#logo\"}},{\"@type\":\"WebSite\",\"@id\":\"https:\/\/tulekel.ee\/en\/#website\",\"url\":\"https:\/\/tulekel.ee\/en\/\",\"name\":\"Tulekel\",\"description\":\"Kvaliteetsete elektrimootorite m\\u00fc\\u00fck, uued elektrimootorid parima hinnaga\",\"publisher\":{\"@id\":\"https:\/\/tulekel.ee\/en\/#organization\"},\"potentialAction\":[{\"@type\":\"SearchAction\",\"target\":\"https:\/\/tulekel.ee\/en\/?s={search_term_string}\",\"query-input\":\"required name=search_term_string\"}],\"inLanguage\":\"fi\"},{\"@type\":\"ImageObject\",\"@id\":\"https:\/\/tulekel.ee\/fi\/kayttoehdot\/ohjeet\/#primaryimage\",\"inLanguage\":\"fi\",\"url\":\"https:\/\/tulekel.ee\/wp-content\/uploads\/2020\/05\/motor_single_blue.jpg\",\"width\":1920,\"height\":600},{\"@type\":\"WebPage\",\"@id\":\"https:\/\/tulekel.ee\/fi\/kayttoehdot\/ohjeet\/#webpage\",\"url\":\"https:\/\/tulekel.ee\/fi\/kayttoehdot\/ohjeet\/\",\"name\":\"Ohjeet - Sopiva s\\u00e4hk\\u00f6moottori meid\\u00e4n verkkokaupasta | Tulekel\",\"isPartOf\":{\"@id\":\"https:\/\/tulekel.ee\/en\/#website\"},\"primaryImageOfPage\":{\"@id\":\"https:\/\/tulekel.ee\/fi\/kayttoehdot\/ohjeet\/#primaryimage\"},\"datePublished\":\"2020-03-07T13:56:57+00:00\",\"dateModified\":\"2020-06-09T09:45:41+00:00\",\"description\":\"Laadukkaiden ja tehokkaan suorituskykyluokan s\\u00e4hk\\u00f6moottoreiden myynti IE2, IE3, IE4. S\\u00e4hk\\u00f6moottorit t\\u00e4ytt\\u00e4v\\u00e4t kaikkien EU:ssa voimassa olevien standardien DNV\/ISO asettamat vaatimukset\",\"breadcrumb\":{\"@id\":\"https:\/\/tulekel.ee\/fi\/kayttoehdot\/ohjeet\/#breadcrumb\"},\"inLanguage\":\"fi\",\"potentialAction\":[{\"@type\":\"ReadAction\",\"target\":[\"https:\/\/tulekel.ee\/fi\/kayttoehdot\/ohjeet\/\"]}]},{\"@type\":\"BreadcrumbList\",\"@id\":\"https:\/\/tulekel.ee\/fi\/kayttoehdot\/ohjeet\/#breadcrumb\",\"itemListElement\":[{\"@type\":\"ListItem\",\"position\":1,\"item\":{\"@type\":\"WebPage\",\"@id\":\"https:\/\/tulekel.ee\/fi\/\",\"url\":\"https:\/\/tulekel.ee\/fi\/\",\"name\":\"Home\"}},{\"@type\":\"ListItem\",\"position\":2,\"item\":{\"@type\":\"WebPage\",\"@id\":\"https:\/\/tulekel.ee\/fi\/kayttoehdot\/\",\"url\":\"https:\/\/tulekel.ee\/fi\/kayttoehdot\/\",\"name\":\"K\\u00e4ytt\\u00f6ehdot\"}},{\"@type\":\"ListItem\",\"position\":3,\"item\":{\"@type\":\"WebPage\",\"@id\":\"https:\/\/tulekel.ee\/fi\/kayttoehdot\/ohjeet\/\",\"url\":\"https:\/\/tulekel.ee\/fi\/kayttoehdot\/ohjeet\/\",\"name\":\"Ohjeet\"}}]}]}<\/script>\n<!-- \/ Yoast SEO plugin. -->","_links":{"self":[{"href":"https:\/\/tulekel.ee\/fi\/wp-json\/wp\/v2\/pages\/2549"}],"collection":[{"href":"https:\/\/tulekel.ee\/fi\/wp-json\/wp\/v2\/pages"}],"about":[{"href":"https:\/\/tulekel.ee\/fi\/wp-json\/wp\/v2\/types\/page"}],"author":[{"embeddable":true,"href":"https:\/\/tulekel.ee\/fi\/wp-json\/wp\/v2\/users\/1"}],"replies":[{"embeddable":true,"href":"https:\/\/tulekel.ee\/fi\/wp-json\/wp\/v2\/comments?post=2549"}],"version-history":[{"count":2,"href":"https:\/\/tulekel.ee\/fi\/wp-json\/wp\/v2\/pages\/2549\/revisions"}],"predecessor-version":[{"id":2551,"href":"https:\/\/tulekel.ee\/fi\/wp-json\/wp\/v2\/pages\/2549\/revisions\/2551"}],"up":[{"embeddable":true,"href":"https:\/\/tulekel.ee\/fi\/wp-json\/wp\/v2\/pages\/2540"}],"wp:featuredmedia":[{"embeddable":true,"href":"https:\/\/tulekel.ee\/fi\/wp-json\/wp\/v2\/media\/2536"}],"wp:attachment":[{"href":"https:\/\/tulekel.ee\/fi\/wp-json\/wp\/v2\/media?parent=2549"}],"curies":[{"name":"wp","href":"https:\/\/api.w.org\/{rel}","templated":true}]}}