{"id":2552,"date":"2020-03-07T15:57:17","date_gmt":"2020-03-07T13:57:17","guid":{"rendered":"https:\/\/tulekel.ee\/kayttoehdot\/ohutustingimused\/"},"modified":"2020-06-09T12:48:52","modified_gmt":"2020-06-09T09:48:52","slug":"turvallisuusohjeet","status":"publish","type":"page","link":"https:\/\/tulekel.ee\/fi\/kayttoehdot\/turvallisuusohjeet\/","title":{"rendered":"Turvallisuusohjeet"},"content":{"rendered":"<h3>Johdanto<\/h3>\n<p>Korostamme, ett\u00e4 kaikkia moottorin kuljetukseen, j\u00e4nnitteen kytkemiseen, k\u00e4ynnist\u00e4miseen ja k\u00e4ytt\u00f6\u00f6nottoon liittyvi\u00e4 teht\u00e4vi\u00e4 voi toteuttaa asianmukaisen koulutuksen hankkinut asiantuntija (kts. VDE 0105, IEC 364). Taitamaton toiminta saattaa aiheuttaa vammoja ja aineellista vahinkoa. Kaikissa toimissa on noudatettava Virossa voimassa olevia vaatimuksia ja koneen teknisen eritelm\u00e4n tietoja.<\/p>\n<h3>K\u00e4ytt\u00f6olosuhteet<\/h3>\n<p>Moottoreita k\u00e4ytet\u00e4\u00e4n kaikenlaisissa teollisissa laitteissa. N\u00e4m\u00e4 moottorit t\u00e4ytt\u00e4v\u00e4t harmonisoitujen standardien DIN\/EN 60034 (VDE 0530) asettamat vaatimukset. Moottoreita ei saa k\u00e4ytt\u00e4\u00e4 r\u00e4j\u00e4hdysalttiissa ymp\u00e4rist\u00f6ss\u00e4, jos ei ole toisin s\u00e4\u00e4detty (kts. kaupalliset asiakirjat). Jos moottoreita k\u00e4ytet\u00e4\u00e4n kotitaloudessa, on estett\u00e4v\u00e4 lasten ja sivullisten p\u00e4\u00e4sy moottoreiden k\u00e4ytt\u00f6paikkaan.<\/p>\n<p>Moottoreiden sallittu k\u00e4ytt\u00f6l\u00e4mp\u00f6tila on -20 \u00b0C &#8211; + 40 \u00b0C, enint\u00e4\u00e4n 1000 m merenpinnan yl\u00e4puolella. Muissa tapauksissa on huomioitava moottorin tietokilvess\u00e4 annetut tiedot, niiden noudattaminen on pakollista. S\u00e4hk\u00f6moottorit ovat EU-asetuksen nro 89\/392 \/ ETY mukaan koneen osia. Lopputuotteen pit\u00e4\u00e4 t\u00e4ytt\u00e4\u00e4 standardin asettamat vaatimukset (kts. EN 60204-1).<\/p>\n<h3>Kuljetus, varastointi<\/h3>\n<p>Kuljettajan on varmistettava tuotteen turvallisen kuljettamisen ja ehj\u00e4n\u00e4 pysymisen, vaurioituneen moottorin k\u00e4ytt\u00f6 on kielletty\u00e4. Moottorin nostosilmukan pit\u00e4\u00e4 olla luotettavasti paikoillaan. Perustelluissa tapauksissa voidaan k\u00e4ytt\u00e4\u00e4 t\u00e4ydent\u00e4vi\u00e4 varotoimenpiteit\u00e4 (kuljetushihnat tms.).<\/p>\n<p>Moottorit on niiden kuljettamiseen kiinnitetty lis\u00e4ruuveilla, joita voidaan k\u00e4ytt\u00e4\u00e4 my\u00f6s moottoreiden k\u00e4ytt\u00f6kohteissa tapahtuvissa siirroissa. Moottoreita on s\u00e4ilytett\u00e4v\u00e4 kuivassa ja p\u00f6lytt\u00f6m\u00e4ss\u00e4 ymp\u00e4rist\u00f6ss\u00e4, v\u00e4ltett\u00e4v\u00e4 sen altistumista t\u00e4rin\u00e4lle (v<sub>eff<\/sub>\u00a0&lt;0,2 mm \/ s; mahdollinen laakereiden vaurioituminen). Pitk\u00e4aikaisessa varastoinnissa on laakereita niiden ominaisuuksien yll\u00e4pit\u00e4miseen voideltava noin 12 kk v\u00e4lein (pitempiaikaisessa varastoinnissa menett\u00e4v\u00e4t voitelemattomat laakerit t\u00e4rke\u00e4t ominaisuutensa).<\/p>\n<h3>Mekaaninen kokoaminen<\/h3>\n<p>Moottorin jalat ja laipat on asennettava t\u00e4sm\u00e4llisesti, jotta ne olisivat vaatimuksen mukaisia, lopullinen asento on aina tarkistettava. Liikuta roottoria k\u00e4sin ja huomioi mahdolliset esteet sen liikkumisessa sek\u00e4 ep\u00e4tavallinen melu. Varmista py\u00f6rimissuunta koko j\u00e4rjestelm\u00e4ss\u00e4.<\/p>\n<p>Liikkuvien osien (py\u00f6r\u00e4t, hihnat, muhvit jne.) k\u00e4sittelyss\u00e4 on aina k\u00e4ytett\u00e4v\u00e4 sopivia ty\u00f6kaluja. V\u00e4lt\u00e4 V-hihnojen v\u00e4\u00e4r\u00e4ll\u00e4 tavalla kirist\u00e4mist\u00e4. Tasapainottamista on k\u00e4sitelty sivuilla\u00a0Motor\u00a0(H = puoli kiila, F = t\u00e4ysi kiila). Kun asennat k\u00e4ytt\u00f6laitej\u00e4rjestelmi\u00e4, varmista kaikkien yksitt\u00e4isten osien tasapainotus! Kun ty\u00f6skentelet j\u00e4\u00e4hdytystuulettimen alla\/yll\u00e4, on suositeltavaa k\u00e4ytt\u00e4\u00e4 suojapeitett\u00e4; moottori on asennettava kyljelleen, jotta tuuletin olisi suojattu mahdollisesti putoavilta esineilt\u00e4.<\/p>\n<p>Varmista riitt\u00e4v\u00e4 j\u00e4\u00e4hdytys! (J\u00e4\u00e4hdytyksen vaadittavan ilman tulo ei saa olla mill\u00e4\u00e4n tavalla estetty.) Kun moottoreita varastoidaan yli 12 kuukauden ajan, on tarkistettava laakereiden kunto (voitelu!). Jos voiteluaine ei ole laadukas (veden tiivistyminen aiheuttaa muutoksia voiteluaineen koostumukseen), on se vaihdettava uuteen. 3 vuoden varastoinnin j\u00e4lkeen on voiteluaine vaihdettava joka tapauksessa.<\/p>\n<h3>S\u00e4hk\u00f6liit\u00e4nt\u00e4<\/h3>\n<p>Kaikkia t\u00f6it\u00e4 voivat suorittaa vain p\u00e4tev\u00e4t asiantuntijat. Moottorin ja s\u00e4hk\u00f6nsy\u00f6t\u00f6n v\u00e4linen liit\u00e4nt\u00e4 on toteuttava katkaisun mahdollistavalla tavalla. Sy\u00f6t\u00f6nl\u00e4hteen tulee olla suojattuna tahattomalta uudelleen k\u00e4ynnist\u00e4miselt\u00e4. N\u00e4m\u00e4 vaatimukset ovat voimassa my\u00f6s apuj\u00e4rjestelmien osalta (mm.\u00a0Heater).<\/p>\n<p><strong>Varmista, ett\u00e4 t\u00f6iden toteuttajalla on asianmukaiset valtuudet!<\/strong><\/p>\n<p>M\u00e4\u00e4ritellyt maksimitoleranssit (DIN\/EN 60034-1 \/ IEC 34-1): j\u00e4nnite +\/- 5% ja taajuus +\/- 2%, sy\u00f6tt\u00f6kaapeleiden pit\u00e4\u00e4 varmistaa toimiva liit\u00e4nt\u00e4 ja ruuvit pit\u00e4\u00e4 kirist\u00e4\u00e4 siten, ett\u00e4 virta olisi jatkuvaa; johdot on eristett\u00e4v\u00e4 asianmukaisella ja luotettavalla tavalla.<\/p>\n<p>Yhdist\u00e4minen terminaaliin (moottoriin)<\/p>\n<table class=\"standard\">\n<tbody>\n<tr>\n<th width=\"121\">Lanka\u00a0(kierto)<\/th>\n<th width=\"57\"><strong>M4<\/strong><\/th>\n<th width=\"57\"><strong>M5<\/strong><\/th>\n<th width=\"47\"><strong>M6<\/strong><\/th>\n<th width=\"47\"><strong>M8<\/strong><\/th>\n<th width=\"47\"><strong>M10<\/strong><\/th>\n<th width=\"57\"><strong>M12<\/strong><\/th>\n<th width=\"57\"><strong>M16<\/strong><\/th>\n<\/tr>\n<tr>\n<td width=\"121\">V\u00e4\u00e4nt\u00f6momenttiavain (Nm)<\/td>\n<td width=\"57\">0,8\u20131,2<\/td>\n<td width=\"57\">1,8\u20132,5<\/td>\n<td width=\"47\">2,7\u20134<\/td>\n<td width=\"47\">5,5\u20138<\/td>\n<td width=\"47\">9\u201313<\/td>\n<td width=\"57\">16\u201320<\/td>\n<td width=\"57\">36\u201340<\/td>\n<\/tr>\n<\/tbody>\n<\/table>\n<p>Sy\u00f6tt\u00f6kaapeleiden et\u00e4isyys kahden erist\u00e4m\u00e4tt\u00f6m\u00e4n liit\u00e4nn\u00e4n ja maadoituksen v\u00e4liss\u00e4 ei saa olla alle 10 mm (U\u00a0n\u00a0= 750V).<\/p>\n<p>Jakorasiassa ei saa olla yht\u00e4k\u00e4\u00e4n vierasta esinett\u00e4, rasian tulee olla puhdas ja kuiva, k\u00e4ytt\u00e4m\u00e4tt\u00f6mien johdon aukkojen pit\u00e4\u00e4 olla suljettu, rasian tulee olla p\u00f6lyn- ja vesitiivis.<\/p>\n<p>Joutok\u00e4ynnill\u00e4 kokeiltaessa on suojattava kiilaa. Jarrumoottoreiden kohdalla tarkista ensin jarrujen toimivuus.<\/p>\n<h3>Moottorin toimintavarmuuden varmistaminen<\/h3>\n<p>T\u00e4rin\u00e4 v<sub>eff<\/sub>\u00a0&gt; 3,5 mm \/ s (P\u00a0N\u00a0&lt;15kW) tai\u00a0v<sub>eff<\/sub>\u00a0&gt; 4,5 mm \/ s (P\u00a0N\u00a0&gt; 15 kW) ei ole sallittu ja sen syntyess\u00e4 on moottori sammutettava. Muutokset saattavat johtua korkeasta l\u00e4mp\u00f6tilasta, melusta, t\u00e4rin\u00e4st\u00e4. Tarkista mahdollinen syy ja ilmoita siit\u00e4 j\u00e4lleenmyyj\u00e4lle.<\/p>\n<p>Jos havaitset moottorin likaantuneen, pese se. Kaikkien veden tiivistymist\u00e4 aiheuttavien aukkojen pit\u00e4\u00e4 olla puhtaita.<\/p>\n<p>Laakereiden voiteluaine on valmistajan m\u00e4\u00e4r\u00e4yksen mukaisesti vaihdettava viimeist\u00e4\u00e4n 3 vuoden kuluttua, moottori voidellaan voitelunippojen (jos ne ovat moottorissa) kautta moottorin toimiessa.<\/p>\n","protected":false},"excerpt":{"rendered":"<p>Johdanto Korostamme, ett\u00e4 kaikkia moottorin kuljetukseen, j\u00e4nnitteen kytkemiseen, k\u00e4ynnist\u00e4miseen ja k\u00e4ytt\u00f6\u00f6nottoon liittyvi\u00e4 teht\u00e4vi\u00e4 voi toteuttaa asianmukaisen koulutuksen hankkinut asiantuntija (kts. VDE 0105, IEC 364). Taitamaton toiminta saattaa aiheuttaa vammoja ja aineellista vahinkoa. Kaikissa toimissa on noudatettava Virossa voimassa olevia vaatimuksia ja koneen teknisen eritelm\u00e4n tietoja. K\u00e4ytt\u00f6olosuhteet Moottoreita k\u00e4ytet\u00e4\u00e4n kaikenlaisissa teollisissa laitteissa. N\u00e4m\u00e4 moottorit t\u00e4ytt\u00e4v\u00e4t harmonisoitujen&#8230;  <a class=\"excerpt-read-more\" href=\"https:\/\/tulekel.ee\/fi\/kayttoehdot\/turvallisuusohjeet\/\" title=\"Lue lis\u00e4\u00e4Turvallisuusohjeet\">Lue lis\u00e4\u00e4<\/a><\/p>\n","protected":false},"author":1,"featured_media":2553,"parent":2540,"menu_order":0,"comment_status":"closed","ping_status":"closed","template":"page-terms.php","meta":[],"yoast_head":"<!-- This site is optimized with the Yoast SEO plugin v15.9.2 - https:\/\/yoast.com\/wordpress\/plugins\/seo\/ -->\n<title>Turvallisuusohjeet - Sopiva s\u00e4hk\u00f6moottori meid\u00e4n verkkokaupasta | Tulekel<\/title>\n<meta name=\"description\" content=\"Laadukkaiden ja tehokkaan suorituskykyluokan s\u00e4hk\u00f6moottoreiden myynti IE2, IE3, IE4. S\u00e4hk\u00f6moottorit t\u00e4ytt\u00e4v\u00e4t kaikkien EU:ssa voimassa olevien standardien DNV\/ISO asettamat vaatimukset\" \/>\n<link rel=\"canonical\" href=\"https:\/\/tulekel.ee\/fi\/kayttoehdot\/turvallisuusohjeet\/\" \/>\n<meta property=\"og:locale\" content=\"fi_FI\" \/>\n<meta property=\"og:type\" content=\"article\" \/>\n<meta property=\"og:title\" content=\"Turvallisuusohjeet - Sopiva s\u00e4hk\u00f6moottori meid\u00e4n verkkokaupasta | Tulekel\" \/>\n<meta property=\"og:description\" content=\"Laadukkaiden ja tehokkaan suorituskykyluokan s\u00e4hk\u00f6moottoreiden myynti IE2, IE3, IE4. S\u00e4hk\u00f6moottorit t\u00e4ytt\u00e4v\u00e4t kaikkien EU:ssa voimassa olevien standardien DNV\/ISO asettamat vaatimukset\" \/>\n<meta property=\"og:url\" content=\"https:\/\/tulekel.ee\/fi\/kayttoehdot\/turvallisuusohjeet\/\" \/>\n<meta property=\"og:site_name\" content=\"Tulekel\" \/>\n<meta property=\"article:modified_time\" content=\"2020-06-09T09:48:52+00:00\" \/>\n<meta property=\"og:image\" content=\"https:\/\/tulekel.ee\/wp-content\/uploads\/2020\/05\/motor_grey_2.jpg\" \/>\n\t<meta property=\"og:image:width\" content=\"1920\" \/>\n\t<meta property=\"og:image:height\" content=\"600\" \/>\n<meta name=\"twitter:card\" content=\"summary_large_image\" \/>\n<meta name=\"twitter:label1\" content=\"Est. reading time\">\n\t<meta name=\"twitter:data1\" content=\"4 minuuttia\">\n<script type=\"application\/ld+json\" class=\"yoast-schema-graph\">{\"@context\":\"https:\/\/schema.org\",\"@graph\":[{\"@type\":\"Organization\",\"@id\":\"https:\/\/tulekel.ee\/en\/#organization\",\"name\":\"Tulekel O\\u00dc\",\"url\":\"https:\/\/tulekel.ee\/en\/\",\"sameAs\":[],\"logo\":{\"@type\":\"ImageObject\",\"@id\":\"https:\/\/tulekel.ee\/en\/#logo\",\"inLanguage\":\"fi\",\"url\":\"https:\/\/tulekel.ee\/wp-content\/uploads\/2020\/05\/logo.png\",\"width\":400,\"height\":400,\"caption\":\"Tulekel O\\u00dc\"},\"image\":{\"@id\":\"https:\/\/tulekel.ee\/en\/#logo\"}},{\"@type\":\"WebSite\",\"@id\":\"https:\/\/tulekel.ee\/en\/#website\",\"url\":\"https:\/\/tulekel.ee\/en\/\",\"name\":\"Tulekel\",\"description\":\"Kvaliteetsete elektrimootorite m\\u00fc\\u00fck, uued elektrimootorid parima hinnaga\",\"publisher\":{\"@id\":\"https:\/\/tulekel.ee\/en\/#organization\"},\"potentialAction\":[{\"@type\":\"SearchAction\",\"target\":\"https:\/\/tulekel.ee\/en\/?s={search_term_string}\",\"query-input\":\"required name=search_term_string\"}],\"inLanguage\":\"fi\"},{\"@type\":\"ImageObject\",\"@id\":\"https:\/\/tulekel.ee\/fi\/kayttoehdot\/turvallisuusohjeet\/#primaryimage\",\"inLanguage\":\"fi\",\"url\":\"https:\/\/tulekel.ee\/wp-content\/uploads\/2020\/05\/motor_grey_2.jpg\",\"width\":1920,\"height\":600},{\"@type\":\"WebPage\",\"@id\":\"https:\/\/tulekel.ee\/fi\/kayttoehdot\/turvallisuusohjeet\/#webpage\",\"url\":\"https:\/\/tulekel.ee\/fi\/kayttoehdot\/turvallisuusohjeet\/\",\"name\":\"Turvallisuusohjeet - Sopiva s\\u00e4hk\\u00f6moottori meid\\u00e4n verkkokaupasta | Tulekel\",\"isPartOf\":{\"@id\":\"https:\/\/tulekel.ee\/en\/#website\"},\"primaryImageOfPage\":{\"@id\":\"https:\/\/tulekel.ee\/fi\/kayttoehdot\/turvallisuusohjeet\/#primaryimage\"},\"datePublished\":\"2020-03-07T13:57:17+00:00\",\"dateModified\":\"2020-06-09T09:48:52+00:00\",\"description\":\"Laadukkaiden ja tehokkaan suorituskykyluokan s\\u00e4hk\\u00f6moottoreiden myynti IE2, IE3, IE4. S\\u00e4hk\\u00f6moottorit t\\u00e4ytt\\u00e4v\\u00e4t kaikkien EU:ssa voimassa olevien standardien DNV\/ISO asettamat vaatimukset\",\"breadcrumb\":{\"@id\":\"https:\/\/tulekel.ee\/fi\/kayttoehdot\/turvallisuusohjeet\/#breadcrumb\"},\"inLanguage\":\"fi\",\"potentialAction\":[{\"@type\":\"ReadAction\",\"target\":[\"https:\/\/tulekel.ee\/fi\/kayttoehdot\/turvallisuusohjeet\/\"]}]},{\"@type\":\"BreadcrumbList\",\"@id\":\"https:\/\/tulekel.ee\/fi\/kayttoehdot\/turvallisuusohjeet\/#breadcrumb\",\"itemListElement\":[{\"@type\":\"ListItem\",\"position\":1,\"item\":{\"@type\":\"WebPage\",\"@id\":\"https:\/\/tulekel.ee\/fi\/\",\"url\":\"https:\/\/tulekel.ee\/fi\/\",\"name\":\"Home\"}},{\"@type\":\"ListItem\",\"position\":2,\"item\":{\"@type\":\"WebPage\",\"@id\":\"https:\/\/tulekel.ee\/fi\/kayttoehdot\/\",\"url\":\"https:\/\/tulekel.ee\/fi\/kayttoehdot\/\",\"name\":\"K\\u00e4ytt\\u00f6ehdot\"}},{\"@type\":\"ListItem\",\"position\":3,\"item\":{\"@type\":\"WebPage\",\"@id\":\"https:\/\/tulekel.ee\/fi\/kayttoehdot\/turvallisuusohjeet\/\",\"url\":\"https:\/\/tulekel.ee\/fi\/kayttoehdot\/turvallisuusohjeet\/\",\"name\":\"Turvallisuusohjeet\"}}]}]}<\/script>\n<!-- \/ Yoast SEO plugin. -->","_links":{"self":[{"href":"https:\/\/tulekel.ee\/fi\/wp-json\/wp\/v2\/pages\/2552"}],"collection":[{"href":"https:\/\/tulekel.ee\/fi\/wp-json\/wp\/v2\/pages"}],"about":[{"href":"https:\/\/tulekel.ee\/fi\/wp-json\/wp\/v2\/types\/page"}],"author":[{"embeddable":true,"href":"https:\/\/tulekel.ee\/fi\/wp-json\/wp\/v2\/users\/1"}],"replies":[{"embeddable":true,"href":"https:\/\/tulekel.ee\/fi\/wp-json\/wp\/v2\/comments?post=2552"}],"version-history":[{"count":2,"href":"https:\/\/tulekel.ee\/fi\/wp-json\/wp\/v2\/pages\/2552\/revisions"}],"predecessor-version":[{"id":2555,"href":"https:\/\/tulekel.ee\/fi\/wp-json\/wp\/v2\/pages\/2552\/revisions\/2555"}],"up":[{"embeddable":true,"href":"https:\/\/tulekel.ee\/fi\/wp-json\/wp\/v2\/pages\/2540"}],"wp:featuredmedia":[{"embeddable":true,"href":"https:\/\/tulekel.ee\/fi\/wp-json\/wp\/v2\/media\/2553"}],"wp:attachment":[{"href":"https:\/\/tulekel.ee\/fi\/wp-json\/wp\/v2\/media?parent=2552"}],"curies":[{"name":"wp","href":"https:\/\/api.w.org\/{rel}","templated":true}]}}