{"id":3291,"date":"2020-04-29T08:10:24","date_gmt":"2020-04-29T05:10:24","guid":{"rendered":"https:\/\/tulekel.ee\/product\/ms-132-s2-2\/"},"modified":"2021-11-22T10:40:35","modified_gmt":"2021-11-22T08:40:35","slug":"ms-132-s2-2","status":"publish","type":"product","link":"https:\/\/tulekel.ee\/fi\/tuote\/ms-132-s2-2\/","title":{"rendered":"MS 132 S2 2"},"content":{"rendered":"","protected":false},"excerpt":{"rendered":"","protected":false},"featured_media":0,"template":"","meta":[],"yoast_head":"<!-- This site is optimized with the Yoast SEO plugin v15.9.2 - https:\/\/yoast.com\/wordpress\/plugins\/seo\/ -->\n<title>S\u00e4hk\u00f6moottorit MS 132 S2 2 - Verkkokauppa s\u00e4\u00e4st\u00e4\u00e4 aikaa ja rahaa | Tulekel<\/title>\n<meta name=\"description\" content=\"Laadukkaiden ja tehokkaan suorituskykyluokan yksivaiheisten ja kolmivaiheisten s\u00e4hk\u00f6moottoreiden myynti\" \/>\n<link rel=\"canonical\" href=\"https:\/\/tulekel.ee\/fi\/tuote\/ms-132-s2-2\/\" \/>\n<meta property=\"og:locale\" content=\"fi_FI\" \/>\n<meta property=\"og:type\" content=\"article\" \/>\n<meta property=\"og:title\" content=\"S\u00e4hk\u00f6moottorit MS 132 S2 2 - Verkkokauppa s\u00e4\u00e4st\u00e4\u00e4 aikaa ja rahaa | Tulekel\" \/>\n<meta property=\"og:description\" content=\"Laadukkaiden ja tehokkaan suorituskykyluokan yksivaiheisten ja kolmivaiheisten s\u00e4hk\u00f6moottoreiden myynti\" \/>\n<meta property=\"og:url\" content=\"https:\/\/tulekel.ee\/fi\/tuote\/ms-132-s2-2\/\" \/>\n<meta property=\"og:site_name\" content=\"Tulekel\" \/>\n<meta property=\"article:modified_time\" content=\"2021-11-22T08:40:35+00:00\" \/>\n<meta name=\"twitter:card\" content=\"summary_large_image\" \/>\n<script type=\"application\/ld+json\" class=\"yoast-schema-graph\">{\"@context\":\"https:\/\/schema.org\",\"@graph\":[{\"@type\":\"Organization\",\"@id\":\"https:\/\/tulekel.ee\/en\/#organization\",\"name\":\"Tulekel O\\u00dc\",\"url\":\"https:\/\/tulekel.ee\/en\/\",\"sameAs\":[],\"logo\":{\"@type\":\"ImageObject\",\"@id\":\"https:\/\/tulekel.ee\/en\/#logo\",\"inLanguage\":\"fi\",\"url\":\"https:\/\/tulekel.ee\/wp-content\/uploads\/2020\/05\/logo.png\",\"width\":400,\"height\":400,\"caption\":\"Tulekel O\\u00dc\"},\"image\":{\"@id\":\"https:\/\/tulekel.ee\/en\/#logo\"}},{\"@type\":\"WebSite\",\"@id\":\"https:\/\/tulekel.ee\/en\/#website\",\"url\":\"https:\/\/tulekel.ee\/en\/\",\"name\":\"Tulekel\",\"description\":\"Kvaliteetsete elektrimootorite m\\u00fc\\u00fck, uued elektrimootorid parima hinnaga\",\"publisher\":{\"@id\":\"https:\/\/tulekel.ee\/en\/#organization\"},\"potentialAction\":[{\"@type\":\"SearchAction\",\"target\":\"https:\/\/tulekel.ee\/en\/?s={search_term_string}\",\"query-input\":\"required name=search_term_string\"}],\"inLanguage\":\"fi\"},{\"@type\":\"WebPage\",\"@id\":\"https:\/\/tulekel.ee\/fi\/tuote\/ms-132-s2-2\/#webpage\",\"url\":\"https:\/\/tulekel.ee\/fi\/tuote\/ms-132-s2-2\/\",\"name\":\"S\\u00e4hk\\u00f6moottorit MS 132 S2 2 - Verkkokauppa s\\u00e4\\u00e4st\\u00e4\\u00e4 aikaa ja rahaa | Tulekel\",\"isPartOf\":{\"@id\":\"https:\/\/tulekel.ee\/en\/#website\"},\"datePublished\":\"2020-04-29T05:10:24+00:00\",\"dateModified\":\"2021-11-22T08:40:35+00:00\",\"description\":\"Laadukkaiden ja tehokkaan suorituskykyluokan yksivaiheisten ja kolmivaiheisten s\\u00e4hk\\u00f6moottoreiden myynti\",\"breadcrumb\":{\"@id\":\"https:\/\/tulekel.ee\/fi\/tuote\/ms-132-s2-2\/#breadcrumb\"},\"inLanguage\":\"fi\",\"potentialAction\":[{\"@type\":\"ReadAction\",\"target\":[\"https:\/\/tulekel.ee\/fi\/tuote\/ms-132-s2-2\/\"]}]},{\"@type\":\"BreadcrumbList\",\"@id\":\"https:\/\/tulekel.ee\/fi\/tuote\/ms-132-s2-2\/#breadcrumb\",\"itemListElement\":[{\"@type\":\"ListItem\",\"position\":1,\"item\":{\"@type\":\"WebPage\",\"@id\":\"https:\/\/tulekel.ee\/fi\/\",\"url\":\"https:\/\/tulekel.ee\/fi\/\",\"name\":\"Home\"}},{\"@type\":\"ListItem\",\"position\":2,\"item\":{\"@type\":\"WebPage\",\"@id\":\"https:\/\/tulekel.ee\/fi\/verkkokauppa\/\",\"url\":\"https:\/\/tulekel.ee\/fi\/verkkokauppa\/\",\"name\":\"Verkkokauppa\"}},{\"@type\":\"ListItem\",\"position\":3,\"item\":{\"@type\":\"WebPage\",\"@id\":\"https:\/\/tulekel.ee\/fi\/tuote\/ms-132-s2-2\/\",\"url\":\"https:\/\/tulekel.ee\/fi\/tuote\/ms-132-s2-2\/\",\"name\":\"MS 132 S2 2\"}}]}]}<\/script>\n<!-- \/ Yoast SEO plugin. -->","_links":{"self":[{"href":"https:\/\/tulekel.ee\/fi\/wp-json\/wp\/v2\/product\/3291"}],"collection":[{"href":"https:\/\/tulekel.ee\/fi\/wp-json\/wp\/v2\/product"}],"about":[{"href":"https:\/\/tulekel.ee\/fi\/wp-json\/wp\/v2\/types\/product"}],"wp:attachment":[{"href":"https:\/\/tulekel.ee\/fi\/wp-json\/wp\/v2\/media?parent=3291"}],"curies":[{"name":"wp","href":"https:\/\/api.w.org\/{rel}","templated":true}]}}